{"id":2597,"date":"2021-03-24T10:03:33","date_gmt":"2021-03-24T09:03:33","guid":{"rendered":"https:\/\/siriowire.com\/equipments\/bain-de-revetement-sel-borax-et-sechage\/"},"modified":"2024-05-13T11:55:56","modified_gmt":"2024-05-13T09:55:56","slug":"bain-de-revetement-sel-borax-et-sechage","status":"publish","type":"page","link":"https:\/\/siriowire.com\/fr\/equipments\/bain-de-revetement-sel-borax-et-sechage\/","title":{"rendered":"Bain de rev\u00eatement sel \/borax et s\u00e9chage"},"content":{"rendered":"<div class=\"wpb-content-wrapper\"><p>[vc_row css=\u00a0\u00bb.vc_custom_1608390959445{background-color: #f7f7f7 !important;}\u00a0\u00bb][vc_column el_class=\u00a0\u00bbpt-5 pb-2 pb-lg-5&Prime;]<div class=\"porto-container container pt-3 \">[vc_custom_heading text=\u00a0\u00bbEQUIPMENTS\u00a0\u00bb font_container=\u00a0\u00bbtag:h3|font_size:1.2em|text_align:left|line_height:42px\u00a0\u00bb use_theme_fonts=\u00a0\u00bbyes\u00a0\u00bb font_weight=\u00a0\u00bb500&Prime; skin=\u00a0\u00bbprimary\u00a0\u00bb letter_spacing=\u00a0\u00bb2.5px\u00a0\u00bb animation_delay=\u00a0\u00bb200&Prime; el_class=\u00a0\u00bbmb-0&Prime; animation_type=\u00a0\u00bbfadeInUp\u00a0\u00bb][vc_custom_heading text=\u00a0\u00bbBain de rev\u00eatement sel \/borax et s\u00e9chage\u00a0\u00bb font_container=\u00a0\u00bbtag:h2|font_size:2.5em|text_align:left|line_height:1.2&Prime; use_theme_fonts=\u00a0\u00bbyes\u00a0\u00bb text_transform=\u00a0\u00bbtext-uppercase\u00a0\u00bb font_weight=\u00a0\u00bb700&Prime; animation_delay=\u00a0\u00bb400&Prime; el_class=\u00a0\u00bbmb-3&Prime; animation_type=\u00a0\u00bbfadeInUp\u00a0\u00bb][vc_custom_heading text=\u00a0\u00bbSirio Wire peut \u00e9galement fournir des bains de rev\u00eatement de sel ou de borax pour lignes multifils apr\u00e8s traitement thermique ou pour un fil\/fil machine en ligne avec la machine \u00e0 tr\u00e9filer.\u00a0\u00bb font_container=\u00a0\u00bbtag:p|text_align:left\u00a0\u00bb use_theme_fonts=\u00a0\u00bbyes\u00a0\u00bb animation_delay=\u00a0\u00bb800&Prime; el_class=\u00a0\u00bbmb-0&Prime; animation_type=\u00a0\u00bbfadeInUp\u00a0\u00bb][vc_row_inner el_class=\u00a0\u00bbclear pt-4&Prime;][vc_column_inner el_class=\u00a0\u00bbpr-lg-5 mb-4 mb-lg-0&Prime; offset=\u00a0\u00bbvc_col-lg-6 vc_col-md-7&Prime;][vc_gallery type=\u00a0\u00bbflexslider_slide\u00a0\u00bb interval=\u00a0\u00bb3&Prime; images=\u00a0\u00bb544,543&Prime; img_size=\u00a0\u00bblarge\u00a0\u00bb][\/vc_column_inner][vc_column_inner offset=\u00a0\u00bbvc_col-lg-6 vc_col-md-5&Prime;][vc_column_text]Le bain de rev\u00eatement est compos\u00e9 de:<\/p>\n<ul>\n<li>Un r\u00e9servoir isol\u00e9 en acier inoxydable\u00a0;<\/li>\n<li>Une cuve de travail en acier inoxydable\u00a0;<\/li>\n<li>Un couvercle en acier inoxydable pour r\u00e9duire les pertes de chaleur\u00a0;<\/li>\n<li>Une pompe verticale ou une h\u00e9lice qui am\u00e8ne la solution du r\u00e9servoir au r\u00e9servoir de travail\u00a0;<\/li>\n<li>Un syst\u00e8me de chauffage (\u00e9lectrique ou \u00e0 vapeur) chauffant la solution \u00e0 une temp\u00e9rature d&rsquo;environ 95\u00b0C ;<\/li>\n<li>Un syst\u00e8me de soufflage d&rsquo;air r\u00e9duisant l\u2019entrainement de liquide \u00e0 la sortie du bain ;<\/li>\n<li>Nos s\u00e9choirs sont fabriqu\u00e9s \u00e0 l&rsquo;aide d&rsquo;un tunnel en acier inoxydable dans lequel de l&rsquo;air chaud (\u00e0 environ 150\u00b0C) est souffl\u00e9 pour s\u00e9cher efficacement le fil.<\/li>\n<\/ul>\n<p>[\/vc_column_text][\/vc_column_inner][\/vc_row_inner]<\/div>[\/vc_column][\/vc_row][vc_row content_placement=\u00a0\u00bbmiddle\u00a0\u00bb wrap_container=\u00a0\u00bbyes\u00a0\u00bb css=\u00a0\u00bb.vc_custom_1608386006625{padding-top: 5.5rem !important;padding-bottom: 5.5rem !important;background: #d80d07 url(\/\/sw-themes.com\/porto_dummy\/wp-content\/uploads\/2020\/12\/industry-background-2.jpg?id=125) !important;background-position: center !important;background-repeat: no-repeat !important;background-size: cover !important;}\u00a0\u00bb el_class=\u00a0\u00bboverlay-primary\u00a0\u00bb][vc_column width=\u00a0\u00bb2\/3&Prime; el_class=\u00a0\u00bbmb-4 mb-lg-0&Prime; offset=\u00a0\u00bbvc_col-md-9&Prime;][vc_custom_heading text=\u00a0\u00bbN\u2019h\u00e9sitez pas \u00e0 nous contacter pour toute demande\u00a0\u00bb font_container=\u00a0\u00bbtag:h2|font_size:1.8em|text_align:left|line_height:1.3636&Prime; use_theme_fonts=\u00a0\u00bbyes\u00a0\u00bb font_weight=\u00a0\u00bb700&Prime; skin=\u00a0\u00bblight\u00a0\u00bb letter_spacing=\u00a0\u00bb.16em\u00a0\u00bb el_class=\u00a0\u00bbmb-0&Prime;][\/vc_column][vc_column offset=\u00a0\u00bbvc_col-md-3&Prime;][vc_btn title=\u00a0\u00bbContactez nous\u00a0\u00bb style=\u00a0\u00bbmodern\u00a0\u00bb size=\u00a0\u00bblg\u00a0\u00bb align=\u00a0\u00bbleft\u00a0\u00bb skin=\u00a0\u00bblight\u00a0\u00bb btn_fw=\u00a0\u00bb700&Prime; animation_delay=\u00a0\u00bb900&Prime; link=\u00a0\u00bburl:https%3A%2F%2Fsiriowire.com%2Ffr%2Fcontactez-nous%2F|title:Contactez%20nous\u00a0\u00bb el_class=\u00a0\u00bbbtn-triangle text-lg-right mb-0&Prime;][\/vc_column][\/vc_row][vc_row][vc_column css=\u00a0\u00bb.vc_custom_1615554207496{margin-top: 80px !important;}\u00a0\u00bb][\/vc_column][\/vc_row]<\/p>\n<\/div>","protected":false},"excerpt":{"rendered":"<p>[vc_row css=\u00a0\u00bb.vc_custom_1608390959445{background-color: #f7f7f7 !important;}\u00a0\u00bb][vc_column el_class=\u00a0\u00bbpt-5 pb-2 pb-lg-5&Prime;][\/vc_column][\/vc_row][vc_row content_placement=\u00a0\u00bbmiddle\u00a0\u00bb wrap_container=\u00a0\u00bbyes\u00a0\u00bb css=\u00a0\u00bb.vc_custom_1608386006625{padding-top: 5.5rem !important;padding-bottom: 5.5rem !important;background: #d80d07 url(\/\/sw-themes.com\/porto_dummy\/wp-content\/uploads\/2020\/12\/industry-background-2.jpg?id=125) !important;background-position: center !important;background-repeat: no-repeat !important;background-size: cover !important;}\u00a0\u00bb el_class=\u00a0\u00bboverlay-primary\u00a0\u00bb][vc_column width=\u00a0\u00bb2\/3&Prime; el_class=\u00a0\u00bbmb-4 mb-lg-0&Prime; offset=\u00a0\u00bbvc_col-md-9&Prime;][vc_custom_heading text=\u00a0\u00bbN\u2019h\u00e9sitez pas \u00e0 nous contacter pour toute demande\u00a0\u00bb font_container=\u00a0\u00bbtag:h2|font_size:1.8em|text_align:left|line_height:1.3636&Prime; use_theme_fonts=\u00a0\u00bbyes\u00a0\u00bb font_weight=\u00a0\u00bb700&Prime; skin=\u00a0\u00bblight\u00a0\u00bb letter_spacing=\u00a0\u00bb.16em\u00a0\u00bb el_class=\u00a0\u00bbmb-0&Prime;][\/vc_column][vc_column offset=\u00a0\u00bbvc_col-md-3&Prime;][vc_btn title=\u00a0\u00bbContactez nous\u00a0\u00bb style=\u00a0\u00bbmodern\u00a0\u00bb size=\u00a0\u00bblg\u00a0\u00bb align=\u00a0\u00bbleft\u00a0\u00bb skin=\u00a0\u00bblight\u00a0\u00bb btn_fw=\u00a0\u00bb700&Prime; animation_delay=\u00a0\u00bb900&Prime; link=\u00a0\u00bburl:https%3A%2F%2Fsiriowire.com%2Ffr%2Fcontactez-nous%2F|title:Contactez%20nous\u00a0\u00bb el_class=\u00a0\u00bbbtn-triangle text-lg-right mb-0&Prime;][\/vc_column][\/vc_row][vc_row][vc_column [&hellip;]<\/p>\n","protected":false},"author":1,"featured_media":0,"parent":2593,"menu_order":0,"comment_status":"closed","ping_status":"closed","template":"","meta":{"footnotes":""},"categories":[],"class_list":["post-2597","page","type-page","status-publish","hentry"],"yoast_head":"<!-- This site is optimized with the Yoast SEO plugin v26.3 - https:\/\/yoast.com\/wordpress\/plugins\/seo\/ -->\n<title>Bain de rev\u00eatement sel \/borax et s\u00e9chage | SIRIO<\/title>\n<meta name=\"robots\" content=\"index, follow, max-snippet:-1, max-image-preview:large, max-video-preview:-1\" \/>\n<link rel=\"canonical\" href=\"https:\/\/siriowire.com\/fr\/equipments\/bain-de-revetement-sel-borax-et-sechage\/\" \/>\n<meta property=\"og:locale\" content=\"fr_FR\" \/>\n<meta property=\"og:type\" content=\"article\" \/>\n<meta property=\"og:title\" content=\"Bain de rev\u00eatement sel \/borax et s\u00e9chage | SIRIO\" \/>\n<meta property=\"og:description\" content=\"[vc_row css=\u00a0\u00bb.vc_custom_1608390959445{background-color: #f7f7f7 !important;}\u00a0\u00bb][vc_column el_class=\u00a0\u00bbpt-5 pb-2 pb-lg-5&Prime;][\/vc_column][\/vc_row][vc_row content_placement=\u00a0\u00bbmiddle\u00a0\u00bb wrap_container=\u00a0\u00bbyes\u00a0\u00bb css=\u00a0\u00bb.vc_custom_1608386006625{padding-top: 5.5rem !important;padding-bottom: 5.5rem !important;background: #d80d07 url(\/\/sw-themes.com\/porto_dummy\/wp-content\/uploads\/2020\/12\/industry-background-2.jpg?id=125) !important;background-position: center !important;background-repeat: no-repeat !important;background-size: cover !important;}\u00a0\u00bb el_class=\u00a0\u00bboverlay-primary\u00a0\u00bb][vc_column width=\u00a0\u00bb2\/3&Prime; el_class=\u00a0\u00bbmb-4 mb-lg-0&Prime; offset=\u00a0\u00bbvc_col-md-9&Prime;][vc_custom_heading text=\u00a0\u00bbN\u2019h\u00e9sitez pas \u00e0 nous contacter pour toute demande\u00a0\u00bb font_container=\u00a0\u00bbtag:h2|font_size:1.8em|text_align:left|line_height:1.3636&Prime; use_theme_fonts=\u00a0\u00bbyes\u00a0\u00bb font_weight=\u00a0\u00bb700&Prime; skin=\u00a0\u00bblight\u00a0\u00bb letter_spacing=\u00a0\u00bb.16em\u00a0\u00bb el_class=\u00a0\u00bbmb-0&Prime;][\/vc_column][vc_column offset=\u00a0\u00bbvc_col-md-3&Prime;][vc_btn title=\u00a0\u00bbContactez nous\u00a0\u00bb style=\u00a0\u00bbmodern\u00a0\u00bb size=\u00a0\u00bblg\u00a0\u00bb align=\u00a0\u00bbleft\u00a0\u00bb skin=\u00a0\u00bblight\u00a0\u00bb btn_fw=\u00a0\u00bb700&Prime; animation_delay=\u00a0\u00bb900&Prime; link=\u00a0\u00bburl:https%3A%2F%2Fsiriowire.com%2Ffr%2Fcontactez-nous%2F|title:Contactez%20nous\u00a0\u00bb el_class=\u00a0\u00bbbtn-triangle text-lg-right mb-0&Prime;][\/vc_column][\/vc_row][vc_row][vc_column [&hellip;]\" \/>\n<meta property=\"og:url\" content=\"https:\/\/siriowire.com\/fr\/equipments\/bain-de-revetement-sel-borax-et-sechage\/\" \/>\n<meta property=\"og:site_name\" content=\"SIRIO\" \/>\n<meta property=\"article:publisher\" content=\"https:\/\/www.facebook.com\/SirioWireSrl\" \/>\n<meta property=\"article:modified_time\" content=\"2024-05-13T09:55:56+00:00\" \/>\n<meta name=\"twitter:card\" content=\"summary_large_image\" \/>\n<meta name=\"twitter:label1\" content=\"Dur\u00e9e de lecture estim\u00e9e\" \/>\n\t<meta name=\"twitter:data1\" content=\"2 minutes\" \/>\n<script type=\"application\/ld+json\" class=\"yoast-schema-graph\">{\"@context\":\"https:\/\/schema.org\",\"@graph\":[{\"@type\":\"WebPage\",\"@id\":\"https:\/\/siriowire.com\/fr\/equipments\/bain-de-revetement-sel-borax-et-sechage\/\",\"url\":\"https:\/\/siriowire.com\/fr\/equipments\/bain-de-revetement-sel-borax-et-sechage\/\",\"name\":\"Bain de rev\u00eatement sel \/borax et s\u00e9chage | SIRIO\",\"isPartOf\":{\"@id\":\"https:\/\/siriowire.com\/fr\/#website\"},\"datePublished\":\"2021-03-24T09:03:33+00:00\",\"dateModified\":\"2024-05-13T09:55:56+00:00\",\"breadcrumb\":{\"@id\":\"https:\/\/siriowire.com\/fr\/equipments\/bain-de-revetement-sel-borax-et-sechage\/#breadcrumb\"},\"inLanguage\":\"fr-FR\",\"potentialAction\":[{\"@type\":\"ReadAction\",\"target\":[\"https:\/\/siriowire.com\/fr\/equipments\/bain-de-revetement-sel-borax-et-sechage\/\"]}]},{\"@type\":\"BreadcrumbList\",\"@id\":\"https:\/\/siriowire.com\/fr\/equipments\/bain-de-revetement-sel-borax-et-sechage\/#breadcrumb\",\"itemListElement\":[{\"@type\":\"ListItem\",\"position\":1,\"name\":\"Home\",\"item\":\"https:\/\/siriowire.com\/fr\/\"},{\"@type\":\"ListItem\",\"position\":2,\"name\":\"Equipments\",\"item\":\"https:\/\/siriowire.com\/fr\/equipments\/\"},{\"@type\":\"ListItem\",\"position\":3,\"name\":\"Bain de rev\u00eatement sel \/borax et s\u00e9chage\"}]},{\"@type\":\"WebSite\",\"@id\":\"https:\/\/siriowire.com\/fr\/#website\",\"url\":\"https:\/\/siriowire.com\/fr\/\",\"name\":\"Sirio Wire\",\"description\":\"\",\"publisher\":{\"@id\":\"https:\/\/siriowire.com\/fr\/#organization\"},\"potentialAction\":[{\"@type\":\"SearchAction\",\"target\":{\"@type\":\"EntryPoint\",\"urlTemplate\":\"https:\/\/siriowire.com\/fr\/?s={search_term_string}\"},\"query-input\":{\"@type\":\"PropertyValueSpecification\",\"valueRequired\":true,\"valueName\":\"search_term_string\"}}],\"inLanguage\":\"fr-FR\"},{\"@type\":\"Organization\",\"@id\":\"https:\/\/siriowire.com\/fr\/#organization\",\"name\":\"Sirio Wire\",\"url\":\"https:\/\/siriowire.com\/fr\/\",\"logo\":{\"@type\":\"ImageObject\",\"inLanguage\":\"fr-FR\",\"@id\":\"https:\/\/siriowire.com\/fr\/#\/schema\/logo\/image\/\",\"url\":\"https:\/\/siriowire.com\/wp-content\/uploads\/2021\/03\/logo_366-1.png\",\"contentUrl\":\"https:\/\/siriowire.com\/wp-content\/uploads\/2021\/03\/logo_366-1.png\",\"width\":436,\"height\":146,\"caption\":\"Sirio Wire\"},\"image\":{\"@id\":\"https:\/\/siriowire.com\/fr\/#\/schema\/logo\/image\/\"},\"sameAs\":[\"https:\/\/www.facebook.com\/SirioWireSrl\",\"https:\/\/www.linkedin.com\/company\/sirio-wire-srl\/\"]}]}<\/script>\n<!-- \/ Yoast SEO plugin. -->","yoast_head_json":{"title":"Bain de rev\u00eatement sel \/borax et s\u00e9chage | SIRIO","robots":{"index":"index","follow":"follow","max-snippet":"max-snippet:-1","max-image-preview":"max-image-preview:large","max-video-preview":"max-video-preview:-1"},"canonical":"https:\/\/siriowire.com\/fr\/equipments\/bain-de-revetement-sel-borax-et-sechage\/","og_locale":"fr_FR","og_type":"article","og_title":"Bain de rev\u00eatement sel \/borax et s\u00e9chage | SIRIO","og_description":"[vc_row css=\u00a0\u00bb.vc_custom_1608390959445{background-color: #f7f7f7 !important;}\u00a0\u00bb][vc_column el_class=\u00a0\u00bbpt-5 pb-2 pb-lg-5&Prime;][\/vc_column][\/vc_row][vc_row content_placement=\u00a0\u00bbmiddle\u00a0\u00bb wrap_container=\u00a0\u00bbyes\u00a0\u00bb css=\u00a0\u00bb.vc_custom_1608386006625{padding-top: 5.5rem !important;padding-bottom: 5.5rem !important;background: #d80d07 url(\/\/sw-themes.com\/porto_dummy\/wp-content\/uploads\/2020\/12\/industry-background-2.jpg?id=125) !important;background-position: center !important;background-repeat: no-repeat !important;background-size: cover !important;}\u00a0\u00bb el_class=\u00a0\u00bboverlay-primary\u00a0\u00bb][vc_column width=\u00a0\u00bb2\/3&Prime; el_class=\u00a0\u00bbmb-4 mb-lg-0&Prime; offset=\u00a0\u00bbvc_col-md-9&Prime;][vc_custom_heading text=\u00a0\u00bbN\u2019h\u00e9sitez pas \u00e0 nous contacter pour toute demande\u00a0\u00bb font_container=\u00a0\u00bbtag:h2|font_size:1.8em|text_align:left|line_height:1.3636&Prime; use_theme_fonts=\u00a0\u00bbyes\u00a0\u00bb font_weight=\u00a0\u00bb700&Prime; skin=\u00a0\u00bblight\u00a0\u00bb letter_spacing=\u00a0\u00bb.16em\u00a0\u00bb el_class=\u00a0\u00bbmb-0&Prime;][\/vc_column][vc_column offset=\u00a0\u00bbvc_col-md-3&Prime;][vc_btn title=\u00a0\u00bbContactez nous\u00a0\u00bb style=\u00a0\u00bbmodern\u00a0\u00bb size=\u00a0\u00bblg\u00a0\u00bb align=\u00a0\u00bbleft\u00a0\u00bb skin=\u00a0\u00bblight\u00a0\u00bb btn_fw=\u00a0\u00bb700&Prime; animation_delay=\u00a0\u00bb900&Prime; link=\u00a0\u00bburl:https%3A%2F%2Fsiriowire.com%2Ffr%2Fcontactez-nous%2F|title:Contactez%20nous\u00a0\u00bb el_class=\u00a0\u00bbbtn-triangle text-lg-right mb-0&Prime;][\/vc_column][\/vc_row][vc_row][vc_column [&hellip;]","og_url":"https:\/\/siriowire.com\/fr\/equipments\/bain-de-revetement-sel-borax-et-sechage\/","og_site_name":"SIRIO","article_publisher":"https:\/\/www.facebook.com\/SirioWireSrl","article_modified_time":"2024-05-13T09:55:56+00:00","twitter_card":"summary_large_image","twitter_misc":{"Dur\u00e9e de lecture estim\u00e9e":"2 minutes"},"schema":{"@context":"https:\/\/schema.org","@graph":[{"@type":"WebPage","@id":"https:\/\/siriowire.com\/fr\/equipments\/bain-de-revetement-sel-borax-et-sechage\/","url":"https:\/\/siriowire.com\/fr\/equipments\/bain-de-revetement-sel-borax-et-sechage\/","name":"Bain de rev\u00eatement sel \/borax et s\u00e9chage | SIRIO","isPartOf":{"@id":"https:\/\/siriowire.com\/fr\/#website"},"datePublished":"2021-03-24T09:03:33+00:00","dateModified":"2024-05-13T09:55:56+00:00","breadcrumb":{"@id":"https:\/\/siriowire.com\/fr\/equipments\/bain-de-revetement-sel-borax-et-sechage\/#breadcrumb"},"inLanguage":"fr-FR","potentialAction":[{"@type":"ReadAction","target":["https:\/\/siriowire.com\/fr\/equipments\/bain-de-revetement-sel-borax-et-sechage\/"]}]},{"@type":"BreadcrumbList","@id":"https:\/\/siriowire.com\/fr\/equipments\/bain-de-revetement-sel-borax-et-sechage\/#breadcrumb","itemListElement":[{"@type":"ListItem","position":1,"name":"Home","item":"https:\/\/siriowire.com\/fr\/"},{"@type":"ListItem","position":2,"name":"Equipments","item":"https:\/\/siriowire.com\/fr\/equipments\/"},{"@type":"ListItem","position":3,"name":"Bain de rev\u00eatement sel \/borax et s\u00e9chage"}]},{"@type":"WebSite","@id":"https:\/\/siriowire.com\/fr\/#website","url":"https:\/\/siriowire.com\/fr\/","name":"Sirio Wire","description":"","publisher":{"@id":"https:\/\/siriowire.com\/fr\/#organization"},"potentialAction":[{"@type":"SearchAction","target":{"@type":"EntryPoint","urlTemplate":"https:\/\/siriowire.com\/fr\/?s={search_term_string}"},"query-input":{"@type":"PropertyValueSpecification","valueRequired":true,"valueName":"search_term_string"}}],"inLanguage":"fr-FR"},{"@type":"Organization","@id":"https:\/\/siriowire.com\/fr\/#organization","name":"Sirio Wire","url":"https:\/\/siriowire.com\/fr\/","logo":{"@type":"ImageObject","inLanguage":"fr-FR","@id":"https:\/\/siriowire.com\/fr\/#\/schema\/logo\/image\/","url":"https:\/\/siriowire.com\/wp-content\/uploads\/2021\/03\/logo_366-1.png","contentUrl":"https:\/\/siriowire.com\/wp-content\/uploads\/2021\/03\/logo_366-1.png","width":436,"height":146,"caption":"Sirio Wire"},"image":{"@id":"https:\/\/siriowire.com\/fr\/#\/schema\/logo\/image\/"},"sameAs":["https:\/\/www.facebook.com\/SirioWireSrl","https:\/\/www.linkedin.com\/company\/sirio-wire-srl\/"]}]}},"_links":{"self":[{"href":"https:\/\/siriowire.com\/fr\/wp-json\/wp\/v2\/pages\/2597","targetHints":{"allow":["GET"]}}],"collection":[{"href":"https:\/\/siriowire.com\/fr\/wp-json\/wp\/v2\/pages"}],"about":[{"href":"https:\/\/siriowire.com\/fr\/wp-json\/wp\/v2\/types\/page"}],"author":[{"embeddable":true,"href":"https:\/\/siriowire.com\/fr\/wp-json\/wp\/v2\/users\/1"}],"replies":[{"embeddable":true,"href":"https:\/\/siriowire.com\/fr\/wp-json\/wp\/v2\/comments?post=2597"}],"version-history":[{"count":7,"href":"https:\/\/siriowire.com\/fr\/wp-json\/wp\/v2\/pages\/2597\/revisions"}],"predecessor-version":[{"id":2732,"href":"https:\/\/siriowire.com\/fr\/wp-json\/wp\/v2\/pages\/2597\/revisions\/2732"}],"up":[{"embeddable":true,"href":"https:\/\/siriowire.com\/fr\/wp-json\/wp\/v2\/pages\/2593"}],"wp:attachment":[{"href":"https:\/\/siriowire.com\/fr\/wp-json\/wp\/v2\/media?parent=2597"}],"wp:term":[{"taxonomy":"category","embeddable":true,"href":"https:\/\/siriowire.com\/fr\/wp-json\/wp\/v2\/categories?post=2597"}],"curies":[{"name":"wp","href":"https:\/\/api.w.org\/{rel}","templated":true}]}}