{"id":2659,"date":"2021-03-25T10:33:47","date_gmt":"2021-03-25T09:33:47","guid":{"rendered":"https:\/\/siriowire.com\/applications\/"},"modified":"2024-05-03T10:25:40","modified_gmt":"2024-05-03T08:25:40","slug":"applications","status":"publish","type":"page","link":"https:\/\/siriowire.com\/fr\/applications\/","title":{"rendered":"Applications"},"content":{"rendered":"<div class=\"wpb-content-wrapper\"><p>[vc_row wrap_container=\u00a0\u00bbyes\u00a0\u00bb el_class=\u00a0\u00bbposition-relative z-index-2 pt-5&Prime;][vc_column el_class=\u00a0\u00bbpt-3&Prime;]<div class=\"porto-animation overflow-hidden\" >[vc_custom_heading text=\u00a0\u00bbSIRIOWIRE\u00a0\u00bb font_container=\u00a0\u00bbtag:h3|font_size:1.2em|text_align:center|line_height:42px\u00a0\u00bb use_theme_fonts=\u00a0\u00bbyes\u00a0\u00bb font_weight=\u00a0\u00bb500&Prime; skin=\u00a0\u00bbprimary\u00a0\u00bb letter_spacing=\u00a0\u00bb2.5px\u00a0\u00bb animation_delay=\u00a0\u00bb200&Prime; el_class=\u00a0\u00bbmb-0&Prime; animation_type=\u00a0\u00bbmaskUp\u00a0\u00bb]<\/div><div class=\"porto-animation overflow-hidden mb-3\" >[vc_custom_heading text=\u00a0\u00bbApplications\u00a0\u00bb font_container=\u00a0\u00bbtag:h2|font_size:2.5em|text_align:center|line_height:1.2&Prime; use_theme_fonts=\u00a0\u00bbyes\u00a0\u00bb font_weight=\u00a0\u00bb700&Prime; animation_delay=\u00a0\u00bb500&Prime; el_class=\u00a0\u00bbmb-0&Prime; animation_type=\u00a0\u00bbmaskUp\u00a0\u00bb]<\/div>[vc_custom_heading text=\u00a0\u00bbLes fils trait\u00e9s dans les lignes Sirio Wire peuvent \u00eatre trouv\u00e9s dans tous les secteurs d\u2019activit\u00e9. Voici une liste de certains d\u2019entre eux:\u00a0\u00bb font_container=\u00a0\u00bbtag:p|font_size:1.4em|text_align:center|line_height:1.7&Prime; use_theme_fonts=\u00a0\u00bbyes\u00a0\u00bb animation_delay=\u00a0\u00bb600&Prime; el_class=\u00a0\u00bbcustom-font1 col-lg-9 col-xl-8 px-0 mx-auto mb-5&Prime; animation_type=\u00a0\u00bbfadeInUp\u00a0\u00bb][vc_row_inner animation_delay=\u00a0\u00bb800&Prime; animation_type=\u00a0\u00bbfadeInUp\u00a0\u00bb][vc_column_inner el_class=\u00a0\u00bbcol-sm-6&Prime; width=\u00a0\u00bb1\/4&Prime; offset=\u00a0\u00bbvc_col-md-3&Prime;]<div class=\"porto-ultimate-content-box-container pc-thumb-info-style-1 mb-4\"><style>.porto_ucb_21b6bf01188be9ba0119a2cb5c097588{will-change: box-shadow;box-shadow: none;}.porto_ucb_21b6bf01188be9ba0119a2cb5c097588:hover{box-shadow:none}<\/style><div class=\"porto-ultimate-content-box porto_ucb_21b6bf01188be9ba0119a2cb5c097588\" style=\"\">[vc_single_image image=\u00a0\u00bb658&Prime; img_size=\u00a0\u00bbfull\u00a0\u00bb alignment=\u00a0\u00bbcenter\u00a0\u00bb el_class=\u00a0\u00bbmb-3 thumb-info-wrapper\u00a0\u00bb][vc_custom_heading text=\u00a0\u00bbA\u00e9rospatial\u00a0\u00bb font_container=\u00a0\u00bbtag:h4|font_size:1.125rem|text_align:center\u00a0\u00bb use_theme_fonts=\u00a0\u00bbyes\u00a0\u00bb font_weight=\u00a0\u00bb600&Prime; el_class=\u00a0\u00bbmb-3&Prime;]<\/div><\/div>[\/vc_column_inner][vc_column_inner el_class=\u00a0\u00bbcol-sm-6&Prime; width=\u00a0\u00bb1\/4&Prime; offset=\u00a0\u00bbvc_col-md-3&Prime;]<div class=\"porto-ultimate-content-box-container pc-thumb-info-style-1 mb-4\"><style>.porto_ucb_21b6bf01188be9ba0119a2cb5c097588{will-change: box-shadow;box-shadow: none;}.porto_ucb_21b6bf01188be9ba0119a2cb5c097588:hover{box-shadow:none}<\/style><div class=\"porto-ultimate-content-box porto_ucb_21b6bf01188be9ba0119a2cb5c097588\" style=\"\">[vc_single_image image=\u00a0\u00bb664&Prime; img_size=\u00a0\u00bbfull\u00a0\u00bb alignment=\u00a0\u00bbcenter\u00a0\u00bb el_class=\u00a0\u00bbmb-3 thumb-info-wrapper\u00a0\u00bb][vc_custom_heading text=\u00a0\u00bbEnergie\u00a0\u00bb font_container=\u00a0\u00bbtag:h4|font_size:1.125rem|text_align:center\u00a0\u00bb use_theme_fonts=\u00a0\u00bbyes\u00a0\u00bb font_weight=\u00a0\u00bb600&Prime; el_class=\u00a0\u00bbmb-3&Prime;]<\/div><\/div>[\/vc_column_inner][vc_column_inner width=\u00a0\u00bb1\/4&Prime;]<div class=\"porto-ultimate-content-box-container pc-thumb-info-style-1 mb-4\"><style>.porto_ucb_21b6bf01188be9ba0119a2cb5c097588{will-change: box-shadow;box-shadow: none;}.porto_ucb_21b6bf01188be9ba0119a2cb5c097588:hover{box-shadow:none}<\/style><div class=\"porto-ultimate-content-box porto_ucb_21b6bf01188be9ba0119a2cb5c097588\" style=\"\">[vc_single_image image=\u00a0\u00bb662&Prime; img_size=\u00a0\u00bbfull\u00a0\u00bb alignment=\u00a0\u00bbcenter\u00a0\u00bb el_class=\u00a0\u00bbmb-3 thumb-info-wrapper\u00a0\u00bb][vc_custom_heading text=\u00a0\u00bbConstruction\u00a0\u00bb font_container=\u00a0\u00bbtag:h4|font_size:1.125rem|text_align:center\u00a0\u00bb use_theme_fonts=\u00a0\u00bbyes\u00a0\u00bb font_weight=\u00a0\u00bb600&Prime; el_class=\u00a0\u00bbmb-3&Prime;]<\/div><\/div>[\/vc_column_inner][vc_column_inner width=\u00a0\u00bb1\/4&Prime;]<div class=\"porto-ultimate-content-box-container pc-thumb-info-style-1 mb-4\"><style>.porto_ucb_21b6bf01188be9ba0119a2cb5c097588{will-change: box-shadow;box-shadow: none;}.porto_ucb_21b6bf01188be9ba0119a2cb5c097588:hover{box-shadow:none}<\/style><div class=\"porto-ultimate-content-box porto_ucb_21b6bf01188be9ba0119a2cb5c097588\" style=\"\">[vc_single_image image=\u00a0\u00bb660&Prime; img_size=\u00a0\u00bbfull\u00a0\u00bb alignment=\u00a0\u00bbcenter\u00a0\u00bb el_class=\u00a0\u00bbmb-3 thumb-info-wrapper\u00a0\u00bb][vc_custom_heading text=\u00a0\u00bbAutomobile\u00a0\u00bb font_container=\u00a0\u00bbtag:h4|font_size:1.125rem|text_align:center\u00a0\u00bb use_theme_fonts=\u00a0\u00bbyes\u00a0\u00bb font_weight=\u00a0\u00bb600&Prime; el_class=\u00a0\u00bbmb-3&Prime;]<\/div><\/div>[\/vc_column_inner][\/vc_row_inner][\/vc_column][\/vc_row][vc_row equal_height=\u00a0\u00bbyes\u00a0\u00bb wrap_container=\u00a0\u00bbyes\u00a0\u00bb][vc_column width=\u00a0\u00bb1\/4&Prime;]<div class=\"porto-ultimate-content-box-container pc-thumb-info-style-1 mb-4\"><style>.porto_ucb_21b6bf01188be9ba0119a2cb5c097588{will-change: box-shadow;box-shadow: none;}.porto_ucb_21b6bf01188be9ba0119a2cb5c097588:hover{box-shadow:none}<\/style><div class=\"porto-ultimate-content-box porto_ucb_21b6bf01188be9ba0119a2cb5c097588\" style=\"\">[vc_single_image image=\u00a0\u00bb661&Prime; img_size=\u00a0\u00bbfull\u00a0\u00bb alignment=\u00a0\u00bbcenter\u00a0\u00bb el_class=\u00a0\u00bbmb-3 thumb-info-wrapper\u00a0\u00bb][vc_custom_heading text=\u00a0\u00bbBicyclettes\u00a0\u00bb font_container=\u00a0\u00bbtag:h4|font_size:1.125rem|text_align:center\u00a0\u00bb use_theme_fonts=\u00a0\u00bbyes\u00a0\u00bb font_weight=\u00a0\u00bb600&Prime; el_class=\u00a0\u00bbmb-3&Prime;]<\/div><\/div>[\/vc_column][vc_column width=\u00a0\u00bb1\/4&Prime;]<div class=\"porto-ultimate-content-box-container pc-thumb-info-style-1 mb-4\"><style>.porto_ucb_21b6bf01188be9ba0119a2cb5c097588{will-change: box-shadow;box-shadow: none;}.porto_ucb_21b6bf01188be9ba0119a2cb5c097588:hover{box-shadow:none}<\/style><div class=\"porto-ultimate-content-box porto_ucb_21b6bf01188be9ba0119a2cb5c097588\" style=\"\">[vc_single_image image=\u00a0\u00bb659&Prime; img_size=\u00a0\u00bbfull\u00a0\u00bb alignment=\u00a0\u00bbcenter\u00a0\u00bb el_class=\u00a0\u00bbmb-3 thumb-info-wrapper\u00a0\u00bb][vc_custom_heading text=\u00a0\u00bbAgriculture\u00a0\u00bb font_container=\u00a0\u00bbtag:h4|font_size:1.125rem|text_align:center\u00a0\u00bb use_theme_fonts=\u00a0\u00bbyes\u00a0\u00bb font_weight=\u00a0\u00bb600&Prime; el_class=\u00a0\u00bbmb-3&Prime;]<\/div><\/div>[\/vc_column][vc_column width=\u00a0\u00bb1\/4&Prime;]<div class=\"porto-ultimate-content-box-container pc-thumb-info-style-1 mb-4\"><style>.porto_ucb_21b6bf01188be9ba0119a2cb5c097588{will-change: box-shadow;box-shadow: none;}.porto_ucb_21b6bf01188be9ba0119a2cb5c097588:hover{box-shadow:none}<\/style><div class=\"porto-ultimate-content-box porto_ucb_21b6bf01188be9ba0119a2cb5c097588\" style=\"\">[vc_single_image image=\u00a0\u00bb663&Prime; img_size=\u00a0\u00bbfull\u00a0\u00bb alignment=\u00a0\u00bbcenter\u00a0\u00bb el_class=\u00a0\u00bbmb-3 thumb-info-wrapper\u00a0\u00bb][vc_custom_heading text=\u00a0\u00bbConsommable\u00a0\u00bb font_container=\u00a0\u00bbtag:h4|font_size:1.125rem|text_align:center\u00a0\u00bb use_theme_fonts=\u00a0\u00bbyes\u00a0\u00bb font_weight=\u00a0\u00bb600&Prime; el_class=\u00a0\u00bbmb-3&Prime;]<\/div><\/div>[\/vc_column][vc_column width=\u00a0\u00bb1\/4&Prime;]<div class=\"porto-ultimate-content-box-container pc-thumb-info-style-1 mb-4\"><style>.porto_ucb_21b6bf01188be9ba0119a2cb5c097588{will-change: box-shadow;box-shadow: none;}.porto_ucb_21b6bf01188be9ba0119a2cb5c097588:hover{box-shadow:none}<\/style><div class=\"porto-ultimate-content-box porto_ucb_21b6bf01188be9ba0119a2cb5c097588\" style=\"\">[vc_single_image image=\u00a0\u00bb666&Prime; img_size=\u00a0\u00bbfull\u00a0\u00bb alignment=\u00a0\u00bbcenter\u00a0\u00bb el_class=\u00a0\u00bbmb-3 thumb-info-wrapper\u00a0\u00bb][vc_custom_heading text=\u00a0\u00bbM\u00e9dical\u00a0\u00bb font_container=\u00a0\u00bbtag:h4|font_size:1.125rem|text_align:center\u00a0\u00bb use_theme_fonts=\u00a0\u00bbyes\u00a0\u00bb font_weight=\u00a0\u00bb600&Prime; el_class=\u00a0\u00bbmb-3&Prime;]<\/div><\/div>[\/vc_column][\/vc_row][vc_row wrap_container=\u00a0\u00bbyes\u00a0\u00bb][vc_column width=\u00a0\u00bb1\/4&Prime;]<div class=\"porto-ultimate-content-box-container pc-thumb-info-style-1 mb-4\"><style>.porto_ucb_21b6bf01188be9ba0119a2cb5c097588{will-change: box-shadow;box-shadow: none;}.porto_ucb_21b6bf01188be9ba0119a2cb5c097588:hover{box-shadow:none}<\/style><div class=\"porto-ultimate-content-box porto_ucb_21b6bf01188be9ba0119a2cb5c097588\" style=\"\">[vc_single_image image=\u00a0\u00bb667&Prime; img_size=\u00a0\u00bbfull\u00a0\u00bb alignment=\u00a0\u00bbcenter\u00a0\u00bb el_class=\u00a0\u00bbmb-3 thumb-info-wrapper\u00a0\u00bb][vc_custom_heading text=\u00a0\u00bbBureau\u00a0\u00bb font_container=\u00a0\u00bbtag:h4|font_size:1.125rem|text_align:center\u00a0\u00bb use_theme_fonts=\u00a0\u00bbyes\u00a0\u00bb font_weight=\u00a0\u00bb600&Prime; el_class=\u00a0\u00bbmb-3&Prime;]<\/div><\/div>[\/vc_column][vc_column width=\u00a0\u00bb1\/4&Prime;]<div class=\"porto-ultimate-content-box-container pc-thumb-info-style-1 mb-4\"><style>.porto_ucb_21b6bf01188be9ba0119a2cb5c097588{will-change: box-shadow;box-shadow: none;}.porto_ucb_21b6bf01188be9ba0119a2cb5c097588:hover{box-shadow:none}<\/style><div class=\"porto-ultimate-content-box porto_ucb_21b6bf01188be9ba0119a2cb5c097588\" style=\"\">[vc_single_image image=\u00a0\u00bb668&Prime; img_size=\u00a0\u00bbfull\u00a0\u00bb alignment=\u00a0\u00bbcenter\u00a0\u00bb el_class=\u00a0\u00bbmb-3 thumb-info-wrapper\u00a0\u00bb][vc_custom_heading text=\u00a0\u00bbPneumatiques\u00a0\u00bb font_container=\u00a0\u00bbtag:h4|font_size:1.125rem|text_align:center\u00a0\u00bb use_theme_fonts=\u00a0\u00bbyes\u00a0\u00bb font_weight=\u00a0\u00bb600&Prime; el_class=\u00a0\u00bbmb-3&Prime;]<\/div><\/div>[\/vc_column][vc_column width=\u00a0\u00bb1\/2&Prime; is_sticky=\u00a0\u00bbyes\u00a0\u00bb sticky_min_width=\u00a0\u00bb767&Prime; sticky_top=\u00a0\u00bb110&Prime; sticky_bottom=\u00a0\u00bb0&Prime;][vc_cta h2=\u00a0\u00bbContactez nous \u00a0\u00bb color=\u00a0\u00bbblack\u00a0\u00bb add_button=\u00a0\u00bbbottom\u00a0\u00bb btn_title=\u00a0\u00bbContact par e-mail\u00a0\u00bb btn_skin=\u00a0\u00bbprimary\u00a0\u00bb btn_link=\u00a0\u00bburl:mailto%3Ainfo%40siriowire.it|\u00a0\u00bb]Contactez nous<\/p>\n<p>N\u2019h\u00e9sitez pas \u00e0 nous contacter pour toute demande<\/p>\n<p><strong><a href=\"tel:0362573197\" target=\"_blank\" rel=\"noopener\">+39 0362 573197<\/a><\/strong>[\/vc_cta][\/vc_column][\/vc_row]<\/p>\n<\/div>","protected":false},"excerpt":{"rendered":"<p>[vc_row wrap_container=\u00a0\u00bbyes\u00a0\u00bb el_class=\u00a0\u00bbposition-relative z-index-2 pt-5&Prime;][vc_column el_class=\u00a0\u00bbpt-3&Prime;][vc_custom_heading text=\u00a0\u00bbLes fils trait\u00e9s dans les lignes Sirio Wire peuvent \u00eatre trouv\u00e9s dans tous les secteurs d\u2019activit\u00e9. Voici une liste de certains d\u2019entre eux:\u00a0\u00bb font_container=\u00a0\u00bbtag:p|font_size:1.4em|text_align:center|line_height:1.7&Prime; use_theme_fonts=\u00a0\u00bbyes\u00a0\u00bb animation_delay=\u00a0\u00bb600&Prime; el_class=\u00a0\u00bbcustom-font1 col-lg-9 col-xl-8 px-0 mx-auto mb-5&Prime; animation_type=\u00a0\u00bbfadeInUp\u00a0\u00bb][vc_row_inner animation_delay=\u00a0\u00bb800&Prime; animation_type=\u00a0\u00bbfadeInUp\u00a0\u00bb][vc_column_inner el_class=\u00a0\u00bbcol-sm-6&Prime; width=\u00a0\u00bb1\/4&Prime; offset=\u00a0\u00bbvc_col-md-3&Prime;][\/vc_column_inner][vc_column_inner el_class=\u00a0\u00bbcol-sm-6&Prime; width=\u00a0\u00bb1\/4&Prime; offset=\u00a0\u00bbvc_col-md-3&Prime;][\/vc_column_inner][vc_column_inner width=\u00a0\u00bb1\/4&Prime;][\/vc_column_inner][vc_column_inner width=\u00a0\u00bb1\/4&Prime;][\/vc_column_inner][\/vc_row_inner][\/vc_column][\/vc_row][vc_row equal_height=\u00a0\u00bbyes\u00a0\u00bb wrap_container=\u00a0\u00bbyes\u00a0\u00bb][vc_column width=\u00a0\u00bb1\/4&Prime;][\/vc_column][vc_column width=\u00a0\u00bb1\/4&Prime;][\/vc_column][vc_column width=\u00a0\u00bb1\/4&Prime;][\/vc_column][vc_column width=\u00a0\u00bb1\/4&Prime;][\/vc_column][\/vc_row][vc_row [&hellip;]<\/p>\n","protected":false},"author":1,"featured_media":0,"parent":0,"menu_order":0,"comment_status":"closed","ping_status":"closed","template":"","meta":{"footnotes":""},"categories":[],"class_list":["post-2659","page","type-page","status-publish","hentry"],"yoast_head":"<!-- This site is optimized with the Yoast SEO plugin v26.3 - https:\/\/yoast.com\/wordpress\/plugins\/seo\/ -->\n<title>Applications | SIRIO<\/title>\n<meta name=\"robots\" content=\"index, follow, max-snippet:-1, max-image-preview:large, max-video-preview:-1\" \/>\n<link rel=\"canonical\" href=\"https:\/\/siriowire.com\/fr\/applications\/\" \/>\n<meta property=\"og:locale\" content=\"fr_FR\" \/>\n<meta property=\"og:type\" content=\"article\" \/>\n<meta property=\"og:title\" content=\"Applications | SIRIO\" \/>\n<meta property=\"og:description\" content=\"[vc_row wrap_container=\u00a0\u00bbyes\u00a0\u00bb el_class=\u00a0\u00bbposition-relative z-index-2 pt-5&Prime;][vc_column el_class=\u00a0\u00bbpt-3&Prime;][vc_custom_heading text=\u00a0\u00bbLes fils trait\u00e9s dans les lignes Sirio Wire peuvent \u00eatre trouv\u00e9s dans tous les secteurs d\u2019activit\u00e9. Voici une liste de certains d\u2019entre eux:\u00a0\u00bb font_container=\u00a0\u00bbtag:p|font_size:1.4em|text_align:center|line_height:1.7&Prime; use_theme_fonts=\u00a0\u00bbyes\u00a0\u00bb animation_delay=\u00a0\u00bb600&Prime; el_class=\u00a0\u00bbcustom-font1 col-lg-9 col-xl-8 px-0 mx-auto mb-5&Prime; animation_type=\u00a0\u00bbfadeInUp\u00a0\u00bb][vc_row_inner animation_delay=\u00a0\u00bb800&Prime; animation_type=\u00a0\u00bbfadeInUp\u00a0\u00bb][vc_column_inner el_class=\u00a0\u00bbcol-sm-6&Prime; width=\u00a0\u00bb1\/4&Prime; offset=\u00a0\u00bbvc_col-md-3&Prime;][\/vc_column_inner][vc_column_inner el_class=\u00a0\u00bbcol-sm-6&Prime; width=\u00a0\u00bb1\/4&Prime; offset=\u00a0\u00bbvc_col-md-3&Prime;][\/vc_column_inner][vc_column_inner width=\u00a0\u00bb1\/4&Prime;][\/vc_column_inner][vc_column_inner width=\u00a0\u00bb1\/4&Prime;][\/vc_column_inner][\/vc_row_inner][\/vc_column][\/vc_row][vc_row equal_height=\u00a0\u00bbyes\u00a0\u00bb wrap_container=\u00a0\u00bbyes\u00a0\u00bb][vc_column width=\u00a0\u00bb1\/4&Prime;][\/vc_column][vc_column width=\u00a0\u00bb1\/4&Prime;][\/vc_column][vc_column width=\u00a0\u00bb1\/4&Prime;][\/vc_column][vc_column width=\u00a0\u00bb1\/4&Prime;][\/vc_column][\/vc_row][vc_row [&hellip;]\" \/>\n<meta property=\"og:url\" content=\"https:\/\/siriowire.com\/fr\/applications\/\" \/>\n<meta property=\"og:site_name\" content=\"SIRIO\" \/>\n<meta property=\"article:publisher\" content=\"https:\/\/www.facebook.com\/SirioWireSrl\" \/>\n<meta property=\"article:modified_time\" content=\"2024-05-03T08:25:40+00:00\" \/>\n<meta name=\"twitter:card\" content=\"summary_large_image\" \/>\n<meta name=\"twitter:label1\" content=\"Dur\u00e9e de lecture estim\u00e9e\" \/>\n\t<meta name=\"twitter:data1\" content=\"5 minutes\" \/>\n<script type=\"application\/ld+json\" class=\"yoast-schema-graph\">{\"@context\":\"https:\/\/schema.org\",\"@graph\":[{\"@type\":\"WebPage\",\"@id\":\"https:\/\/siriowire.com\/fr\/applications\/\",\"url\":\"https:\/\/siriowire.com\/fr\/applications\/\",\"name\":\"Applications | SIRIO\",\"isPartOf\":{\"@id\":\"https:\/\/siriowire.com\/fr\/#website\"},\"datePublished\":\"2021-03-25T09:33:47+00:00\",\"dateModified\":\"2024-05-03T08:25:40+00:00\",\"breadcrumb\":{\"@id\":\"https:\/\/siriowire.com\/fr\/applications\/#breadcrumb\"},\"inLanguage\":\"fr-FR\",\"potentialAction\":[{\"@type\":\"ReadAction\",\"target\":[\"https:\/\/siriowire.com\/fr\/applications\/\"]}]},{\"@type\":\"BreadcrumbList\",\"@id\":\"https:\/\/siriowire.com\/fr\/applications\/#breadcrumb\",\"itemListElement\":[{\"@type\":\"ListItem\",\"position\":1,\"name\":\"Home\",\"item\":\"https:\/\/siriowire.com\/fr\/\"},{\"@type\":\"ListItem\",\"position\":2,\"name\":\"Applications\"}]},{\"@type\":\"WebSite\",\"@id\":\"https:\/\/siriowire.com\/fr\/#website\",\"url\":\"https:\/\/siriowire.com\/fr\/\",\"name\":\"Sirio Wire\",\"description\":\"\",\"publisher\":{\"@id\":\"https:\/\/siriowire.com\/fr\/#organization\"},\"potentialAction\":[{\"@type\":\"SearchAction\",\"target\":{\"@type\":\"EntryPoint\",\"urlTemplate\":\"https:\/\/siriowire.com\/fr\/?s={search_term_string}\"},\"query-input\":{\"@type\":\"PropertyValueSpecification\",\"valueRequired\":true,\"valueName\":\"search_term_string\"}}],\"inLanguage\":\"fr-FR\"},{\"@type\":\"Organization\",\"@id\":\"https:\/\/siriowire.com\/fr\/#organization\",\"name\":\"Sirio Wire\",\"url\":\"https:\/\/siriowire.com\/fr\/\",\"logo\":{\"@type\":\"ImageObject\",\"inLanguage\":\"fr-FR\",\"@id\":\"https:\/\/siriowire.com\/fr\/#\/schema\/logo\/image\/\",\"url\":\"https:\/\/siriowire.com\/wp-content\/uploads\/2021\/03\/logo_366-1.png\",\"contentUrl\":\"https:\/\/siriowire.com\/wp-content\/uploads\/2021\/03\/logo_366-1.png\",\"width\":436,\"height\":146,\"caption\":\"Sirio Wire\"},\"image\":{\"@id\":\"https:\/\/siriowire.com\/fr\/#\/schema\/logo\/image\/\"},\"sameAs\":[\"https:\/\/www.facebook.com\/SirioWireSrl\",\"https:\/\/www.linkedin.com\/company\/sirio-wire-srl\/\"]}]}<\/script>\n<!-- \/ Yoast SEO plugin. -->","yoast_head_json":{"title":"Applications | SIRIO","robots":{"index":"index","follow":"follow","max-snippet":"max-snippet:-1","max-image-preview":"max-image-preview:large","max-video-preview":"max-video-preview:-1"},"canonical":"https:\/\/siriowire.com\/fr\/applications\/","og_locale":"fr_FR","og_type":"article","og_title":"Applications | SIRIO","og_description":"[vc_row wrap_container=\u00a0\u00bbyes\u00a0\u00bb el_class=\u00a0\u00bbposition-relative z-index-2 pt-5&Prime;][vc_column el_class=\u00a0\u00bbpt-3&Prime;][vc_custom_heading text=\u00a0\u00bbLes fils trait\u00e9s dans les lignes Sirio Wire peuvent \u00eatre trouv\u00e9s dans tous les secteurs d\u2019activit\u00e9. Voici une liste de certains d\u2019entre eux:\u00a0\u00bb font_container=\u00a0\u00bbtag:p|font_size:1.4em|text_align:center|line_height:1.7&Prime; use_theme_fonts=\u00a0\u00bbyes\u00a0\u00bb animation_delay=\u00a0\u00bb600&Prime; el_class=\u00a0\u00bbcustom-font1 col-lg-9 col-xl-8 px-0 mx-auto mb-5&Prime; animation_type=\u00a0\u00bbfadeInUp\u00a0\u00bb][vc_row_inner animation_delay=\u00a0\u00bb800&Prime; animation_type=\u00a0\u00bbfadeInUp\u00a0\u00bb][vc_column_inner el_class=\u00a0\u00bbcol-sm-6&Prime; width=\u00a0\u00bb1\/4&Prime; offset=\u00a0\u00bbvc_col-md-3&Prime;][\/vc_column_inner][vc_column_inner el_class=\u00a0\u00bbcol-sm-6&Prime; width=\u00a0\u00bb1\/4&Prime; offset=\u00a0\u00bbvc_col-md-3&Prime;][\/vc_column_inner][vc_column_inner width=\u00a0\u00bb1\/4&Prime;][\/vc_column_inner][vc_column_inner width=\u00a0\u00bb1\/4&Prime;][\/vc_column_inner][\/vc_row_inner][\/vc_column][\/vc_row][vc_row equal_height=\u00a0\u00bbyes\u00a0\u00bb wrap_container=\u00a0\u00bbyes\u00a0\u00bb][vc_column width=\u00a0\u00bb1\/4&Prime;][\/vc_column][vc_column width=\u00a0\u00bb1\/4&Prime;][\/vc_column][vc_column width=\u00a0\u00bb1\/4&Prime;][\/vc_column][vc_column width=\u00a0\u00bb1\/4&Prime;][\/vc_column][\/vc_row][vc_row [&hellip;]","og_url":"https:\/\/siriowire.com\/fr\/applications\/","og_site_name":"SIRIO","article_publisher":"https:\/\/www.facebook.com\/SirioWireSrl","article_modified_time":"2024-05-03T08:25:40+00:00","twitter_card":"summary_large_image","twitter_misc":{"Dur\u00e9e de lecture estim\u00e9e":"5 minutes"},"schema":{"@context":"https:\/\/schema.org","@graph":[{"@type":"WebPage","@id":"https:\/\/siriowire.com\/fr\/applications\/","url":"https:\/\/siriowire.com\/fr\/applications\/","name":"Applications | SIRIO","isPartOf":{"@id":"https:\/\/siriowire.com\/fr\/#website"},"datePublished":"2021-03-25T09:33:47+00:00","dateModified":"2024-05-03T08:25:40+00:00","breadcrumb":{"@id":"https:\/\/siriowire.com\/fr\/applications\/#breadcrumb"},"inLanguage":"fr-FR","potentialAction":[{"@type":"ReadAction","target":["https:\/\/siriowire.com\/fr\/applications\/"]}]},{"@type":"BreadcrumbList","@id":"https:\/\/siriowire.com\/fr\/applications\/#breadcrumb","itemListElement":[{"@type":"ListItem","position":1,"name":"Home","item":"https:\/\/siriowire.com\/fr\/"},{"@type":"ListItem","position":2,"name":"Applications"}]},{"@type":"WebSite","@id":"https:\/\/siriowire.com\/fr\/#website","url":"https:\/\/siriowire.com\/fr\/","name":"Sirio Wire","description":"","publisher":{"@id":"https:\/\/siriowire.com\/fr\/#organization"},"potentialAction":[{"@type":"SearchAction","target":{"@type":"EntryPoint","urlTemplate":"https:\/\/siriowire.com\/fr\/?s={search_term_string}"},"query-input":{"@type":"PropertyValueSpecification","valueRequired":true,"valueName":"search_term_string"}}],"inLanguage":"fr-FR"},{"@type":"Organization","@id":"https:\/\/siriowire.com\/fr\/#organization","name":"Sirio Wire","url":"https:\/\/siriowire.com\/fr\/","logo":{"@type":"ImageObject","inLanguage":"fr-FR","@id":"https:\/\/siriowire.com\/fr\/#\/schema\/logo\/image\/","url":"https:\/\/siriowire.com\/wp-content\/uploads\/2021\/03\/logo_366-1.png","contentUrl":"https:\/\/siriowire.com\/wp-content\/uploads\/2021\/03\/logo_366-1.png","width":436,"height":146,"caption":"Sirio Wire"},"image":{"@id":"https:\/\/siriowire.com\/fr\/#\/schema\/logo\/image\/"},"sameAs":["https:\/\/www.facebook.com\/SirioWireSrl","https:\/\/www.linkedin.com\/company\/sirio-wire-srl\/"]}]}},"_links":{"self":[{"href":"https:\/\/siriowire.com\/fr\/wp-json\/wp\/v2\/pages\/2659","targetHints":{"allow":["GET"]}}],"collection":[{"href":"https:\/\/siriowire.com\/fr\/wp-json\/wp\/v2\/pages"}],"about":[{"href":"https:\/\/siriowire.com\/fr\/wp-json\/wp\/v2\/types\/page"}],"author":[{"embeddable":true,"href":"https:\/\/siriowire.com\/fr\/wp-json\/wp\/v2\/users\/1"}],"replies":[{"embeddable":true,"href":"https:\/\/siriowire.com\/fr\/wp-json\/wp\/v2\/comments?post=2659"}],"version-history":[{"count":3,"href":"https:\/\/siriowire.com\/fr\/wp-json\/wp\/v2\/pages\/2659\/revisions"}],"predecessor-version":[{"id":2696,"href":"https:\/\/siriowire.com\/fr\/wp-json\/wp\/v2\/pages\/2659\/revisions\/2696"}],"wp:attachment":[{"href":"https:\/\/siriowire.com\/fr\/wp-json\/wp\/v2\/media?parent=2659"}],"wp:term":[{"taxonomy":"category","embeddable":true,"href":"https:\/\/siriowire.com\/fr\/wp-json\/wp\/v2\/categories?post=2659"}],"curies":[{"name":"wp","href":"https:\/\/api.w.org\/{rel}","templated":true}]}}