{"id":2665,"date":"2020-12-19T10:52:32","date_gmt":"2020-12-19T09:52:32","guid":{"rendered":"https:\/\/siriowire.com\/contactez-nous\/"},"modified":"2024-05-15T09:54:02","modified_gmt":"2024-05-15T07:54:02","slug":"contactez-nous","status":"publish","type":"page","link":"https:\/\/siriowire.com\/fr\/contactez-nous\/","title":{"rendered":"Contactez nous"},"content":{"rendered":"<div class=\"wpb-content-wrapper\"><p>[vc_row no_padding=\u00a0\u00bbyes\u00a0\u00bb][vc_column][vc_raw_html]PGlmcmFtZSBzcmM9Imh0dHBzOi8vd3d3Lmdvb2dsZS5jb20vbWFwcy9lbWJlZD9wYj0hMW0xOCExbTEyITFtMyExZDE3ODY0NC40NjExMzYwMzcxMyEyZDkuMDExMDE0Njc0ODQ3NzQhM2Q0NS42MDQyMTg4OTY1NzE5OCEybTMhMWYwITJmMCEzZjAhM20yITFpMTAyNCEyaTc2OCE0ZjEzLjEhM20zITFtMiExczB4NDc4NmJlNjEwNjk1NTU1NSUzQTB4MmJkYzc4OGI2M2VkMjFhMyEyc1ZpYSUyMFRvcmlubyUyQyUyMDMlMkY1JTJDJTIwMjA4MTQlMjBWYXJlZG8lMjBNQiE1ZTAhM20yITFzaXQhMnNpdCE0djE2MTU1NTYxNDMzOTIhNW0yITFzaXQhMnNpdCIgd2lkdGg9IjEwMCUiIGhlaWdodD0iNDUwIiBzdHlsZT0iYm9yZGVyOjA7IiBhbGxvd2Z1bGxzY3JlZW49IiIgbG9hZGluZz0ibGF6eSI+PC9pZnJhbWU+[\/vc_raw_html][\/vc_column][\/vc_row][vc_row wrap_container=\u00a0\u00bbyes\u00a0\u00bb el_class=\u00a0\u00bbpy-5 my-4&Prime;][vc_column el_class=\u00a0\u00bbmb-5 mb-lg-0&Prime; offset=\u00a0\u00bbvc_col-md-6&Prime;][vc_custom_heading text=\u00a0\u00bbContactez nous\u00a0\u00bb font_container=\u00a0\u00bbtag:h2|font_size:2.3em|text_align:left|line_height:1.3&Prime; use_theme_fonts=\u00a0\u00bbyes\u00a0\u00bb el_class=\u00a0\u00bbmb-4 pb-2&Prime;]<div class=\"porto-sicon-box pl-3  wpb_custom_1efe903570d178ff0a9b7bfa5febd3a4 style_1 left-icon\"><div class=\"porto-sicon-left\"><div class=\"porto-just-icon-wrapper porto-icon none\" data-appear-animation=\"fadeIn\" style=\"color:#d80d07;font-size:40px;margin-right:2rem;\"><i class=\"Simple-Line-Icons-location-pin\"><\/i><\/div><\/div><div class=\"porto-sicon-body\"><div class=\"porto-sicon-header\"><h3 class=\"porto-sicon-title\" style=\"font-weight:700;font-size:1.4em;line-height:1.2;\">Adresse<\/h3><\/div> <!-- header --><div class=\"porto-sicon-description\" style=\"\">\n<div class=\"d-flex flex-column flex-md-row\">\n<ul class=\"list list-unstyled pr-5 mb-md-0\">\n<li class=\"mb-0\">Via Torino 3\/5<\/li>\n<li class=\"mb-0\">20814 Varedo (MB)<\/li>\n<li class=\"mb-0\">Italy<\/li>\n<\/ul>\n<\/div>\n<p><\/div> <!-- description --><\/div><\/div><!-- porto-sicon-box --><div class=\"porto-sicon-box pl-3  wpb_custom_1efe903570d178ff0a9b7bfa5febd3a4 style_1 left-icon\"><div class=\"porto-sicon-left\"><div class=\"porto-just-icon-wrapper porto-icon none\" data-appear-animation=\"fadeIn\" style=\"color:#d80d07;font-size:40px;margin-right:2rem;\"><i class=\"Simple-Line-Icons-envelope\"><\/i><\/div><\/div><div class=\"porto-sicon-body\"><div class=\"porto-sicon-header\"><h3 class=\"porto-sicon-title\" style=\"font-weight:700;font-size:1.4em;line-height:1.2;\">Adresse e-mail<\/h3><\/div> <!-- header --><div class=\"porto-sicon-description\" style=\"\">\n<ul class=\"list list-unstyled pr-5 mb-0\">\n<li class=\"mb-0\"><a class=\"text-color-default text-color-hover-primary text-decoration-none\" href=\"mailto:info@siriowire.it\">info@siriowire.it<\/a><\/li>\n<\/ul>\n<p><\/div> <!-- description --><\/div><\/div><!-- porto-sicon-box --><div class=\"porto-sicon-box pl-3  wpb_custom_1efe903570d178ff0a9b7bfa5febd3a4 style_1 left-icon\"><div class=\"porto-sicon-left\"><div class=\"porto-just-icon-wrapper porto-icon none\" data-appear-animation=\"fadeIn\" style=\"color:#d80d07;font-size:40px;margin-right:2rem;\"><i class=\"Simple-Line-Icons-screen-tablet\"><\/i><\/div><\/div><div class=\"porto-sicon-body\"><div class=\"porto-sicon-header\"><h3 class=\"porto-sicon-title\" style=\"font-weight:700;font-size:1.4em;line-height:1.2;\">Num\u00e9ro de t\u00e9l\u00e9phone<\/h3><\/div> <!-- header --><div class=\"porto-sicon-description\" style=\"\">\n<ul class=\"list list-unstyled pr-5 mb-0\">\n<li class=\"mb-0\">Tel: <a class=\"text-color-default text-color-hover-primary text-decoration-none tel\" href=\"tel:+390362573197\">+39 0362 573197<\/a><\/li>\n<li class=\"mb-0\">Fax: <a class=\"text-color-default text-color-hover-primary text-decoration-none\">+39 0362 1830046<\/a><\/li>\n<\/ul>\n<p><\/div> <!-- description --><\/div><\/div><!-- porto-sicon-box -->[\/vc_column][vc_column offset=\u00a0\u00bbvc_col-md-6&Prime;][vc_custom_heading text=\u00a0\u00bbContact par e-mail\u00a0\u00bb font_container=\u00a0\u00bbtag:h2|font_size:2.3em|text_align:left|line_height:1.3&Prime; use_theme_fonts=\u00a0\u00bbyes\u00a0\u00bb el_class=\u00a0\u00bbmb-4 pb-2&Prime;]\n<div class=\"wpcf7 no-js\" id=\"wpcf7-f2716-o1\" lang=\"fr-FR\" dir=\"ltr\" data-wpcf7-id=\"2716\">\n<div class=\"screen-reader-response\"><p role=\"status\" aria-live=\"polite\" aria-atomic=\"true\"><\/p> <ul><\/ul><\/div>\n<form action=\"\/fr\/wp-json\/wp\/v2\/pages\/2665#wpcf7-f2716-o1\" method=\"post\" class=\"wpcf7-form init wpcf7-acceptance-as-validation\" aria-label=\"Formulaire de contact\" novalidate=\"novalidate\" data-status=\"init\">\n<fieldset class=\"hidden-fields-container\"><input type=\"hidden\" name=\"_wpcf7\" value=\"2716\" \/><input type=\"hidden\" name=\"_wpcf7_version\" value=\"6.1.3\" \/><input type=\"hidden\" name=\"_wpcf7_locale\" value=\"fr_FR\" \/><input type=\"hidden\" name=\"_wpcf7_unit_tag\" value=\"wpcf7-f2716-o1\" \/><input type=\"hidden\" name=\"_wpcf7_container_post\" value=\"0\" \/><input type=\"hidden\" name=\"_wpcf7_posted_data_hash\" value=\"\" \/><input type=\"hidden\" name=\"_wpcf7_recaptcha_response\" value=\"\" \/>\n<\/fieldset>\n<div id=\"contactform\">\n<div class=\"form-group mb-3\">\n\t<span class=\"wpcf7-form-control-wrap\" data-name=\"your-name\"><input size=\"40\" maxlength=\"400\" class=\"wpcf7-form-control wpcf7-text wpcf7-validates-as-required form-control\" aria-required=\"true\" aria-invalid=\"false\" placeholder=\"Votre nom\" value=\"\" type=\"text\" name=\"your-name\" \/><\/span>\n<\/div>\n<div class=\"form-group mb-3\">\n\t<span class=\"wpcf7-form-control-wrap\" data-name=\"your-email\"><input size=\"40\" maxlength=\"400\" class=\"wpcf7-form-control wpcf7-email wpcf7-validates-as-required wpcf7-text wpcf7-validates-as-email form-control\" aria-required=\"true\" aria-invalid=\"false\" placeholder=\"Email\" value=\"\" type=\"email\" name=\"your-email\" \/><\/span>\n<\/div>\n<div class=\"form-group mb-3\">\n\t<span class=\"wpcf7-form-control-wrap\" data-name=\"your-message\"><textarea cols=\"40\" rows=\"7\" maxlength=\"2000\" class=\"wpcf7-form-control wpcf7-textarea wpcf7-validates-as-required form-control\" aria-required=\"true\" aria-invalid=\"false\" placeholder=\"Message\" name=\"your-message\"><\/textarea><\/span>\n<\/div>\n\n<div class=\"form-group mb-3\">\n<span class=\"wpcf7-form-control-wrap\" data-name=\"acceptance-632\"><span class=\"wpcf7-form-control wpcf7-acceptance\"><span class=\"wpcf7-list-item\"><label><input type=\"checkbox\" name=\"acceptance-632\" value=\"1\" aria-invalid=\"false\" \/><span class=\"wpcf7-list-item-label\">J'ai lu la politique de confidentialit\u00e9 et consens au traitement des donn\u00e9es conform\u00e9ment \u00e0 l'art. 13 du R\u00e8glement UE 2016\/679 \u2013 art. 13 du d\u00e9cret l\u00e9gislatif 196\/2003 (Code de protection des donn\u00e9es personnelles)<\/span><\/label><\/span><\/span><\/span>\n<\/div>\n\n<span id=\"wpcf7-69e4ac8c228ea-wrapper\" class=\"wpcf7-form-control-wrap object-164-wrap\" style=\"display:none !important; visibility:hidden !important;\"><label for=\"wpcf7-69e4ac8c228ea-field\" class=\"hp-message\">Veuillez laisser ce champ vide.<\/label><input id=\"wpcf7-69e4ac8c228ea-field\"  class=\"wpcf7-form-control wpcf7-text\" type=\"text\" name=\"object-164\" value=\"\" size=\"40\" tabindex=\"-1\" autocomplete=\"new-password\" \/><\/span>\n\n<div class=\"form-group btn-triangle\">\n    <button type=\"submit\" class=\"btn btn-primary btn-modern btn-lg\">Envoyer le message<\/button>\n<\/div>\n<\/div><div class=\"wpcf7-response-output\" aria-hidden=\"true\"><\/div>\n<\/form>\n<\/div>\n[\/vc_column][\/vc_row]<\/p>\n<\/div>","protected":false},"excerpt":{"rendered":"<p>[vc_row no_padding=\u00a0\u00bbyes\u00a0\u00bb][vc_column][vc_raw_html]PGlmcmFtZSBzcmM9Imh0dHBzOi8vd3d3Lmdvb2dsZS5jb20vbWFwcy9lbWJlZD9wYj0hMW0xOCExbTEyITFtMyExZDE3ODY0NC40NjExMzYwMzcxMyEyZDkuMDExMDE0Njc0ODQ3NzQhM2Q0NS42MDQyMTg4OTY1NzE5OCEybTMhMWYwITJmMCEzZjAhM20yITFpMTAyNCEyaTc2OCE0ZjEzLjEhM20zITFtMiExczB4NDc4NmJlNjEwNjk1NTU1NSUzQTB4MmJkYzc4OGI2M2VkMjFhMyEyc1ZpYSUyMFRvcmlubyUyQyUyMDMlMkY1JTJDJTIwMjA4MTQlMjBWYXJlZG8lMjBNQiE1ZTAhM20yITFzaXQhMnNpdCE0djE2MTU1NTYxNDMzOTIhNW0yITFzaXQhMnNpdCIgd2lkdGg9IjEwMCUiIGhlaWdodD0iNDUwIiBzdHlsZT0iYm9yZGVyOjA7IiBhbGxvd2Z1bGxzY3JlZW49IiIgbG9hZGluZz0ibGF6eSI+PC9pZnJhbWU+[\/vc_raw_html][\/vc_column][\/vc_row][vc_row wrap_container=\u00a0\u00bbyes\u00a0\u00bb el_class=\u00a0\u00bbpy-5 my-4&Prime;][vc_column el_class=\u00a0\u00bbmb-5 mb-lg-0&Prime; offset=\u00a0\u00bbvc_col-md-6&Prime;][vc_custom_heading text=\u00a0\u00bbContactez nous\u00a0\u00bb font_container=\u00a0\u00bbtag:h2|font_size:2.3em|text_align:left|line_height:1.3&Prime; use_theme_fonts=\u00a0\u00bbyes\u00a0\u00bb el_class=\u00a0\u00bbmb-4 pb-2&Prime;][\/vc_column][vc_column offset=\u00a0\u00bbvc_col-md-6&Prime;][vc_custom_heading text=\u00a0\u00bbContact par e-mail\u00a0\u00bb font_container=\u00a0\u00bbtag:h2|font_size:2.3em|text_align:left|line_height:1.3&Prime; use_theme_fonts=\u00a0\u00bbyes\u00a0\u00bb el_class=\u00a0\u00bbmb-4 pb-2&Prime;][\/vc_column][\/vc_row]<\/p>\n","protected":false},"author":1,"featured_media":0,"parent":0,"menu_order":0,"comment_status":"closed","ping_status":"closed","template":"","meta":{"footnotes":""},"categories":[],"class_list":["post-2665","page","type-page","status-publish","hentry"],"yoast_head":"<!-- This site is optimized with the Yoast SEO plugin v26.3 - https:\/\/yoast.com\/wordpress\/plugins\/seo\/ -->\n<title>Location and contacts | SIRIO<\/title>\n<meta name=\"robots\" content=\"index, follow, max-snippet:-1, max-image-preview:large, max-video-preview:-1\" \/>\n<link rel=\"canonical\" href=\"https:\/\/siriowire.com\/fr\/contactez-nous\/\" \/>\n<meta property=\"og:locale\" content=\"fr_FR\" \/>\n<meta property=\"og:type\" content=\"article\" \/>\n<meta property=\"og:title\" content=\"Location and contacts | SIRIO\" \/>\n<meta property=\"og:description\" content=\"[vc_row no_padding=\u00a0\u00bbyes\u00a0\u00bb][vc_column][vc_raw_html]PGlmcmFtZSBzcmM9Imh0dHBzOi8vd3d3Lmdvb2dsZS5jb20vbWFwcy9lbWJlZD9wYj0hMW0xOCExbTEyITFtMyExZDE3ODY0NC40NjExMzYwMzcxMyEyZDkuMDExMDE0Njc0ODQ3NzQhM2Q0NS42MDQyMTg4OTY1NzE5OCEybTMhMWYwITJmMCEzZjAhM20yITFpMTAyNCEyaTc2OCE0ZjEzLjEhM20zITFtMiExczB4NDc4NmJlNjEwNjk1NTU1NSUzQTB4MmJkYzc4OGI2M2VkMjFhMyEyc1ZpYSUyMFRvcmlubyUyQyUyMDMlMkY1JTJDJTIwMjA4MTQlMjBWYXJlZG8lMjBNQiE1ZTAhM20yITFzaXQhMnNpdCE0djE2MTU1NTYxNDMzOTIhNW0yITFzaXQhMnNpdCIgd2lkdGg9IjEwMCUiIGhlaWdodD0iNDUwIiBzdHlsZT0iYm9yZGVyOjA7IiBhbGxvd2Z1bGxzY3JlZW49IiIgbG9hZGluZz0ibGF6eSI+PC9pZnJhbWU+[\/vc_raw_html][\/vc_column][\/vc_row][vc_row wrap_container=\u00a0\u00bbyes\u00a0\u00bb el_class=\u00a0\u00bbpy-5 my-4&Prime;][vc_column el_class=\u00a0\u00bbmb-5 mb-lg-0&Prime; offset=\u00a0\u00bbvc_col-md-6&Prime;][vc_custom_heading text=\u00a0\u00bbContactez nous\u00a0\u00bb font_container=\u00a0\u00bbtag:h2|font_size:2.3em|text_align:left|line_height:1.3&Prime; use_theme_fonts=\u00a0\u00bbyes\u00a0\u00bb el_class=\u00a0\u00bbmb-4 pb-2&Prime;][\/vc_column][vc_column offset=\u00a0\u00bbvc_col-md-6&Prime;][vc_custom_heading text=\u00a0\u00bbContact par e-mail\u00a0\u00bb font_container=\u00a0\u00bbtag:h2|font_size:2.3em|text_align:left|line_height:1.3&Prime; use_theme_fonts=\u00a0\u00bbyes\u00a0\u00bb el_class=\u00a0\u00bbmb-4 pb-2&Prime;][\/vc_column][\/vc_row]\" \/>\n<meta property=\"og:url\" content=\"https:\/\/siriowire.com\/fr\/contactez-nous\/\" \/>\n<meta property=\"og:site_name\" content=\"SIRIO\" \/>\n<meta property=\"article:publisher\" content=\"https:\/\/www.facebook.com\/SirioWireSrl\" \/>\n<meta property=\"article:modified_time\" content=\"2024-05-15T07:54:02+00:00\" \/>\n<meta name=\"twitter:card\" content=\"summary_large_image\" \/>\n<meta name=\"twitter:label1\" content=\"Dur\u00e9e de lecture estim\u00e9e\" \/>\n\t<meta name=\"twitter:data1\" content=\"2 minutes\" \/>\n<script type=\"application\/ld+json\" class=\"yoast-schema-graph\">{\"@context\":\"https:\/\/schema.org\",\"@graph\":[{\"@type\":\"WebPage\",\"@id\":\"https:\/\/siriowire.com\/fr\/contactez-nous\/\",\"url\":\"https:\/\/siriowire.com\/fr\/contactez-nous\/\",\"name\":\"Location and contacts | SIRIO\",\"isPartOf\":{\"@id\":\"https:\/\/siriowire.com\/fr\/#website\"},\"datePublished\":\"2020-12-19T09:52:32+00:00\",\"dateModified\":\"2024-05-15T07:54:02+00:00\",\"breadcrumb\":{\"@id\":\"https:\/\/siriowire.com\/fr\/contactez-nous\/#breadcrumb\"},\"inLanguage\":\"fr-FR\",\"potentialAction\":[{\"@type\":\"ReadAction\",\"target\":[\"https:\/\/siriowire.com\/fr\/contactez-nous\/\"]}]},{\"@type\":\"BreadcrumbList\",\"@id\":\"https:\/\/siriowire.com\/fr\/contactez-nous\/#breadcrumb\",\"itemListElement\":[{\"@type\":\"ListItem\",\"position\":1,\"name\":\"Home\",\"item\":\"https:\/\/siriowire.com\/fr\/\"},{\"@type\":\"ListItem\",\"position\":2,\"name\":\"Contactez nous\"}]},{\"@type\":\"WebSite\",\"@id\":\"https:\/\/siriowire.com\/fr\/#website\",\"url\":\"https:\/\/siriowire.com\/fr\/\",\"name\":\"Sirio Wire\",\"description\":\"\",\"publisher\":{\"@id\":\"https:\/\/siriowire.com\/fr\/#organization\"},\"potentialAction\":[{\"@type\":\"SearchAction\",\"target\":{\"@type\":\"EntryPoint\",\"urlTemplate\":\"https:\/\/siriowire.com\/fr\/?s={search_term_string}\"},\"query-input\":{\"@type\":\"PropertyValueSpecification\",\"valueRequired\":true,\"valueName\":\"search_term_string\"}}],\"inLanguage\":\"fr-FR\"},{\"@type\":\"Organization\",\"@id\":\"https:\/\/siriowire.com\/fr\/#organization\",\"name\":\"Sirio Wire\",\"url\":\"https:\/\/siriowire.com\/fr\/\",\"logo\":{\"@type\":\"ImageObject\",\"inLanguage\":\"fr-FR\",\"@id\":\"https:\/\/siriowire.com\/fr\/#\/schema\/logo\/image\/\",\"url\":\"https:\/\/siriowire.com\/wp-content\/uploads\/2021\/03\/logo_366-1.png\",\"contentUrl\":\"https:\/\/siriowire.com\/wp-content\/uploads\/2021\/03\/logo_366-1.png\",\"width\":436,\"height\":146,\"caption\":\"Sirio Wire\"},\"image\":{\"@id\":\"https:\/\/siriowire.com\/fr\/#\/schema\/logo\/image\/\"},\"sameAs\":[\"https:\/\/www.facebook.com\/SirioWireSrl\",\"https:\/\/www.linkedin.com\/company\/sirio-wire-srl\/\"]}]}<\/script>\n<!-- \/ Yoast SEO plugin. -->","yoast_head_json":{"title":"Location and contacts | SIRIO","robots":{"index":"index","follow":"follow","max-snippet":"max-snippet:-1","max-image-preview":"max-image-preview:large","max-video-preview":"max-video-preview:-1"},"canonical":"https:\/\/siriowire.com\/fr\/contactez-nous\/","og_locale":"fr_FR","og_type":"article","og_title":"Location and contacts | SIRIO","og_description":"[vc_row no_padding=\u00a0\u00bbyes\u00a0\u00bb][vc_column][vc_raw_html]PGlmcmFtZSBzcmM9Imh0dHBzOi8vd3d3Lmdvb2dsZS5jb20vbWFwcy9lbWJlZD9wYj0hMW0xOCExbTEyITFtMyExZDE3ODY0NC40NjExMzYwMzcxMyEyZDkuMDExMDE0Njc0ODQ3NzQhM2Q0NS42MDQyMTg4OTY1NzE5OCEybTMhMWYwITJmMCEzZjAhM20yITFpMTAyNCEyaTc2OCE0ZjEzLjEhM20zITFtMiExczB4NDc4NmJlNjEwNjk1NTU1NSUzQTB4MmJkYzc4OGI2M2VkMjFhMyEyc1ZpYSUyMFRvcmlubyUyQyUyMDMlMkY1JTJDJTIwMjA4MTQlMjBWYXJlZG8lMjBNQiE1ZTAhM20yITFzaXQhMnNpdCE0djE2MTU1NTYxNDMzOTIhNW0yITFzaXQhMnNpdCIgd2lkdGg9IjEwMCUiIGhlaWdodD0iNDUwIiBzdHlsZT0iYm9yZGVyOjA7IiBhbGxvd2Z1bGxzY3JlZW49IiIgbG9hZGluZz0ibGF6eSI+PC9pZnJhbWU+[\/vc_raw_html][\/vc_column][\/vc_row][vc_row wrap_container=\u00a0\u00bbyes\u00a0\u00bb el_class=\u00a0\u00bbpy-5 my-4&Prime;][vc_column el_class=\u00a0\u00bbmb-5 mb-lg-0&Prime; offset=\u00a0\u00bbvc_col-md-6&Prime;][vc_custom_heading text=\u00a0\u00bbContactez nous\u00a0\u00bb font_container=\u00a0\u00bbtag:h2|font_size:2.3em|text_align:left|line_height:1.3&Prime; use_theme_fonts=\u00a0\u00bbyes\u00a0\u00bb el_class=\u00a0\u00bbmb-4 pb-2&Prime;][\/vc_column][vc_column offset=\u00a0\u00bbvc_col-md-6&Prime;][vc_custom_heading text=\u00a0\u00bbContact par e-mail\u00a0\u00bb font_container=\u00a0\u00bbtag:h2|font_size:2.3em|text_align:left|line_height:1.3&Prime; use_theme_fonts=\u00a0\u00bbyes\u00a0\u00bb el_class=\u00a0\u00bbmb-4 pb-2&Prime;][\/vc_column][\/vc_row]","og_url":"https:\/\/siriowire.com\/fr\/contactez-nous\/","og_site_name":"SIRIO","article_publisher":"https:\/\/www.facebook.com\/SirioWireSrl","article_modified_time":"2024-05-15T07:54:02+00:00","twitter_card":"summary_large_image","twitter_misc":{"Dur\u00e9e de lecture estim\u00e9e":"2 minutes"},"schema":{"@context":"https:\/\/schema.org","@graph":[{"@type":"WebPage","@id":"https:\/\/siriowire.com\/fr\/contactez-nous\/","url":"https:\/\/siriowire.com\/fr\/contactez-nous\/","name":"Location and contacts | SIRIO","isPartOf":{"@id":"https:\/\/siriowire.com\/fr\/#website"},"datePublished":"2020-12-19T09:52:32+00:00","dateModified":"2024-05-15T07:54:02+00:00","breadcrumb":{"@id":"https:\/\/siriowire.com\/fr\/contactez-nous\/#breadcrumb"},"inLanguage":"fr-FR","potentialAction":[{"@type":"ReadAction","target":["https:\/\/siriowire.com\/fr\/contactez-nous\/"]}]},{"@type":"BreadcrumbList","@id":"https:\/\/siriowire.com\/fr\/contactez-nous\/#breadcrumb","itemListElement":[{"@type":"ListItem","position":1,"name":"Home","item":"https:\/\/siriowire.com\/fr\/"},{"@type":"ListItem","position":2,"name":"Contactez nous"}]},{"@type":"WebSite","@id":"https:\/\/siriowire.com\/fr\/#website","url":"https:\/\/siriowire.com\/fr\/","name":"Sirio Wire","description":"","publisher":{"@id":"https:\/\/siriowire.com\/fr\/#organization"},"potentialAction":[{"@type":"SearchAction","target":{"@type":"EntryPoint","urlTemplate":"https:\/\/siriowire.com\/fr\/?s={search_term_string}"},"query-input":{"@type":"PropertyValueSpecification","valueRequired":true,"valueName":"search_term_string"}}],"inLanguage":"fr-FR"},{"@type":"Organization","@id":"https:\/\/siriowire.com\/fr\/#organization","name":"Sirio Wire","url":"https:\/\/siriowire.com\/fr\/","logo":{"@type":"ImageObject","inLanguage":"fr-FR","@id":"https:\/\/siriowire.com\/fr\/#\/schema\/logo\/image\/","url":"https:\/\/siriowire.com\/wp-content\/uploads\/2021\/03\/logo_366-1.png","contentUrl":"https:\/\/siriowire.com\/wp-content\/uploads\/2021\/03\/logo_366-1.png","width":436,"height":146,"caption":"Sirio Wire"},"image":{"@id":"https:\/\/siriowire.com\/fr\/#\/schema\/logo\/image\/"},"sameAs":["https:\/\/www.facebook.com\/SirioWireSrl","https:\/\/www.linkedin.com\/company\/sirio-wire-srl\/"]}]}},"_links":{"self":[{"href":"https:\/\/siriowire.com\/fr\/wp-json\/wp\/v2\/pages\/2665","targetHints":{"allow":["GET"]}}],"collection":[{"href":"https:\/\/siriowire.com\/fr\/wp-json\/wp\/v2\/pages"}],"about":[{"href":"https:\/\/siriowire.com\/fr\/wp-json\/wp\/v2\/types\/page"}],"author":[{"embeddable":true,"href":"https:\/\/siriowire.com\/fr\/wp-json\/wp\/v2\/users\/1"}],"replies":[{"embeddable":true,"href":"https:\/\/siriowire.com\/fr\/wp-json\/wp\/v2\/comments?post=2665"}],"version-history":[{"count":3,"href":"https:\/\/siriowire.com\/fr\/wp-json\/wp\/v2\/pages\/2665\/revisions"}],"predecessor-version":[{"id":2751,"href":"https:\/\/siriowire.com\/fr\/wp-json\/wp\/v2\/pages\/2665\/revisions\/2751"}],"wp:attachment":[{"href":"https:\/\/siriowire.com\/fr\/wp-json\/wp\/v2\/media?parent=2665"}],"wp:term":[{"taxonomy":"category","embeddable":true,"href":"https:\/\/siriowire.com\/fr\/wp-json\/wp\/v2\/categories?post=2665"}],"curies":[{"name":"wp","href":"https:\/\/api.w.org\/{rel}","templated":true}]}}