{"id":1861,"date":"2021-03-24T10:08:55","date_gmt":"2021-03-24T09:08:55","guid":{"rendered":"https:\/\/siriowire.com\/equipments\/linea-bronzatura-per-beadwire\/"},"modified":"2023-06-05T10:23:35","modified_gmt":"2023-06-05T08:23:35","slug":"linea-bronzatura-per-beadwire","status":"publish","type":"page","link":"https:\/\/siriowire.com\/it\/prodotti\/linea-bronzatura-per-beadwire\/","title":{"rendered":"Linea bronzatura per beadwire"},"content":{"rendered":"<div class=\"wpb-content-wrapper\"><p>[vc_row css=&#8221;.vc_custom_1608390959445{background-color: #f7f7f7 !important;}&#8221;][vc_column el_class=&#8221;pt-5 pb-2 pb-lg-5&#8243;]<div class=\"porto-container container pt-3 \">[vc_custom_heading text=&#8221;PRODOTTI&#8221; font_container=&#8221;tag:h3|font_size:1.2em|text_align:left|line_height:42px&#8221; use_theme_fonts=&#8221;yes&#8221; font_weight=&#8221;500&#8243; skin=&#8221;primary&#8221; letter_spacing=&#8221;2.5px&#8221; animation_delay=&#8221;200&#8243; el_class=&#8221;mb-0&#8243; animation_type=&#8221;fadeInUp&#8221;][vc_custom_heading text=&#8221;Linea bronzatura per beadwire&#8221; font_container=&#8221;tag:h2|font_size:2.5em|text_align:left|line_height:1.2&#8243; use_theme_fonts=&#8221;yes&#8221; text_transform=&#8221;text-uppercase&#8221; font_weight=&#8221;700&#8243; animation_delay=&#8221;400&#8243; el_class=&#8221;mb-3&#8243; animation_type=&#8221;fadeInUp&#8221;][vc_custom_heading text=&#8221;Il Bead wire \u00e8 un filo in acciaio al carbonio rivestito di bronzo che viene utilizzato nel settore automotive per la realizzazione degli pneumatici stradali.&#8221; font_container=&#8221;tag:p|text_align:left&#8221; use_theme_fonts=&#8221;yes&#8221; animation_duration=&#8221;500&#8243; animation_delay=&#8221;500&#8243; el_class=&#8221;mb-0&#8243; animation_type=&#8221;fadeInUp&#8221;][vc_row_inner el_class=&#8221;clear pt-4&#8243;][vc_column_inner el_class=&#8221;pr-lg-5 mb-4 mb-lg-0&#8243; offset=&#8221;vc_col-lg-6 vc_col-md-7&#8243;][vc_single_image image=&#8221;553&#8243; img_size=&#8221;large&#8221; animation_duration=&#8221;500&#8243; animation_type=&#8221;flash&#8221;][\/vc_column_inner][vc_column_inner offset=&#8221;vc_col-lg-6 vc_col-md-5&#8243;][vc_column_text]<\/p>\n<p class=\"p1\">Sirio Wire ha realizzato diversi impianti all\u2019avanguardia con le pi\u00f9 moderne tecnologie, con velocit\u00e0 molto elevate (fino a 500 m\/min) e con diametri fili compresi tra 0,8 mm e 1,8 mm.<\/p>\n<p class=\"p1\">Solitamente una linea del genere \u00e8 composta da pi\u00f9 sezioni:<\/p>\n<ul class=\"ul1\">\n<li class=\"li1\">Bagno di piombo che allevia lo stress dei fili dovuto al processo di trafilatura<\/li>\n<li class=\"li1\">Pulizia e decapaggio<\/li>\n<li class=\"li1\">Bronzatura<\/li>\n<li class=\"li1\">Lavaggi finali<\/li>\n<li class=\"li1\">Deposito di eventuali solventi protettivi<\/li>\n<\/ul>\n<p class=\"p1\">La linea \u00e8 composta sezioni di lavoro realizzate in Polipropilene e da sezioni in acciaio inox.<\/p>\n<p class=\"p1\">I fili vi scivolano longitudinalmente senza subire nessuna deviazione guidati da bussole speciali in ceramica.<\/p>\n<p class=\"p1\">Tutte le parti dell\u2019impianto sono facilmente accessibili dagli operatori, sia per l\u2019infilaggio che per la gestione dei vari servizi (motori).<\/p>\n<p>[\/vc_column_text][\/vc_column_inner][\/vc_row_inner][vc_column_text]<\/p>\n<p class=\"p1\">La fase pi\u00f9 critica in linee di questo tipo \u00e8 ottenere una perfetta pulizia superficiale dei fili prima del loro ingresso nel processo di Bronzatura, \u00e8 infatti indispensabile asportare tutti i residui di saponi provenienti dal processo di trafilatura ed eventuali ossidi presenti sulla superfice dei fili.<\/p>\n<p class=\"p1\">La Nostra esperienza pluriennale, consiglia di utilizzare un sistema combinato:<\/p>\n<ul class=\"ul1\">\n<li class=\"li1\"><span class=\"s2\"><i>I\u00b0 trattamento<\/i><\/span><\/li>\n<\/ul>\n<p class=\"p2\">Pulitura elettrolitica in un bagno Alcalino al fine di eliminare ogni residuo di stearati presenti sulla superficie dei fili.<\/p>\n<ul class=\"ul1\">\n<li class=\"li1\"><span class=\"s2\"><i>II\u00b0 trattamento<\/i><\/span><\/li>\n<\/ul>\n<p class=\"p2\">Decapaggio elettrolitico in un bagno Acido al fine di eliminare tutto l\u2019ossido superficiale e \u201cattivare\u201d la superficie dei fili prima dell\u2019ingresso della sezione di Bronzatura.<\/p>\n<p class=\"p1\">La Bronzatura dei fili avviene per reazione chimica ed il bagno, a temperatura controllata, \u00e8 immesso nella vaschetta di lavoro a stramazzo in direzione contraria a quella dei fili creando agitazione ed ottimizzando il processo.<\/p>\n<p class=\"p1\">In questo tipo di impianto, vista l\u2019elevata velocit\u00e0, sono stati realizzati sistemi molto efficienti di lavaggio in pressione e asciugatura superficiale fili.<\/p>\n<p>[\/vc_column_text]<\/div>[\/vc_column][\/vc_row][vc_row content_placement=&#8221;middle&#8221; wrap_container=&#8221;yes&#8221; css=&#8221;.vc_custom_1608386006625{padding-top: 5.5rem !important;padding-bottom: 5.5rem !important;background: #d80d07 url(\/\/sw-themes.com\/porto_dummy\/wp-content\/uploads\/2020\/12\/industry-background-2.jpg?id=125) !important;background-position: center !important;background-repeat: no-repeat !important;background-size: cover !important;}&#8221; el_class=&#8221;overlay-primary&#8221;][vc_column width=&#8221;2\/3&#8243; el_class=&#8221;mb-4 mb-lg-0&#8243; offset=&#8221;vc_col-md-9&#8243;][vc_custom_heading text=&#8221;Non esitate a contattarci per qualsiasi domanda&#8221; font_container=&#8221;tag:h2|font_size:1.8em|text_align:left|line_height:1.3636&#8243; use_theme_fonts=&#8221;yes&#8221; font_weight=&#8221;700&#8243; skin=&#8221;light&#8221; letter_spacing=&#8221;.16em&#8221; el_class=&#8221;mb-0&#8243;][\/vc_column][vc_column offset=&#8221;vc_col-md-3&#8243;][vc_btn title=&#8221;Contattaci&#8221; style=&#8221;modern&#8221; size=&#8221;lg&#8221; align=&#8221;left&#8221; skin=&#8221;light&#8221; btn_fw=&#8221;700&#8243; animation_delay=&#8221;900&#8243; link=&#8221;url:https%3A%2F%2Fsiriowire.com%2Fit%2Fcontatti%2F|title:Contatti|&#8221; el_class=&#8221;btn-triangle text-lg-right mb-0&#8243;][\/vc_column][\/vc_row][vc_row][vc_column][vc_separator color=&#8221;white&#8221; gap=&#8221;tall&#8221;][\/vc_column][\/vc_row][vc_row][vc_column][vc_column_text]\u00a0[\/vc_column_text][\/vc_column][\/vc_row]<\/p>\n<\/div>","protected":false},"excerpt":{"rendered":"<p>[vc_row css=&#8221;.vc_custom_1608390959445{background-color: #f7f7f7 !important;}&#8221;][vc_column el_class=&#8221;pt-5 pb-2 pb-lg-5&#8243;][\/vc_column][\/vc_row][vc_row content_placement=&#8221;middle&#8221; wrap_container=&#8221;yes&#8221; css=&#8221;.vc_custom_1608386006625{padding-top: 5.5rem !important;padding-bottom: 5.5rem !important;background: #d80d07 url(\/\/sw-themes.com\/porto_dummy\/wp-content\/uploads\/2020\/12\/industry-background-2.jpg?id=125) !important;background-position: center !important;background-repeat: no-repeat !important;background-size: cover !important;}&#8221; el_class=&#8221;overlay-primary&#8221;][vc_column width=&#8221;2\/3&#8243; el_class=&#8221;mb-4 mb-lg-0&#8243; offset=&#8221;vc_col-md-9&#8243;][vc_custom_heading text=&#8221;Non esitate a contattarci per qualsiasi domanda&#8221; font_container=&#8221;tag:h2|font_size:1.8em|text_align:left|line_height:1.3636&#8243; use_theme_fonts=&#8221;yes&#8221; font_weight=&#8221;700&#8243; skin=&#8221;light&#8221; letter_spacing=&#8221;.16em&#8221; el_class=&#8221;mb-0&#8243;][\/vc_column][vc_column offset=&#8221;vc_col-md-3&#8243;][vc_btn title=&#8221;Contattaci&#8221; style=&#8221;modern&#8221; size=&#8221;lg&#8221; align=&#8221;left&#8221; skin=&#8221;light&#8221; btn_fw=&#8221;700&#8243; animation_delay=&#8221;900&#8243; link=&#8221;url:https%3A%2F%2Fsiriowire.com%2Fit%2Fcontatti%2F|title:Contatti|&#8221; el_class=&#8221;btn-triangle text-lg-right mb-0&#8243;][\/vc_column][\/vc_row][vc_row][vc_column][vc_separator color=&#8221;white&#8221; gap=&#8221;tall&#8221;][\/vc_column][\/vc_row][vc_row][vc_column][vc_column_text]\u00a0[\/vc_column_text][\/vc_column][\/vc_row]<\/p>\n","protected":false},"author":1,"featured_media":0,"parent":1851,"menu_order":0,"comment_status":"closed","ping_status":"closed","template":"","meta":{"footnotes":""},"categories":[],"class_list":["post-1861","page","type-page","status-publish","hentry"],"yoast_head":"<!-- This site is optimized with the Yoast SEO plugin v26.3 - https:\/\/yoast.com\/wordpress\/plugins\/seo\/ -->\n<title>Linea bronzatura per beadwire | SIRIO<\/title>\n<meta name=\"robots\" content=\"index, follow, max-snippet:-1, max-image-preview:large, max-video-preview:-1\" \/>\n<link rel=\"canonical\" href=\"https:\/\/siriowire.com\/it\/prodotti\/linea-bronzatura-per-beadwire\/\" \/>\n<meta property=\"og:locale\" content=\"it_IT\" \/>\n<meta property=\"og:type\" content=\"article\" \/>\n<meta property=\"og:title\" content=\"Linea bronzatura per beadwire | SIRIO\" \/>\n<meta property=\"og:description\" content=\"[vc_row css=&#8221;.vc_custom_1608390959445{background-color: #f7f7f7 !important;}&#8221;][vc_column el_class=&#8221;pt-5 pb-2 pb-lg-5&#8243;][\/vc_column][\/vc_row][vc_row content_placement=&#8221;middle&#8221; wrap_container=&#8221;yes&#8221; css=&#8221;.vc_custom_1608386006625{padding-top: 5.5rem !important;padding-bottom: 5.5rem !important;background: #d80d07 url(\/\/sw-themes.com\/porto_dummy\/wp-content\/uploads\/2020\/12\/industry-background-2.jpg?id=125) !important;background-position: center !important;background-repeat: no-repeat !important;background-size: cover !important;}&#8221; el_class=&#8221;overlay-primary&#8221;][vc_column width=&#8221;2\/3&#8243; el_class=&#8221;mb-4 mb-lg-0&#8243; offset=&#8221;vc_col-md-9&#8243;][vc_custom_heading text=&#8221;Non esitate a contattarci per qualsiasi domanda&#8221; font_container=&#8221;tag:h2|font_size:1.8em|text_align:left|line_height:1.3636&#8243; use_theme_fonts=&#8221;yes&#8221; font_weight=&#8221;700&#8243; skin=&#8221;light&#8221; letter_spacing=&#8221;.16em&#8221; el_class=&#8221;mb-0&#8243;][\/vc_column][vc_column offset=&#8221;vc_col-md-3&#8243;][vc_btn title=&#8221;Contattaci&#8221; style=&#8221;modern&#8221; size=&#8221;lg&#8221; align=&#8221;left&#8221; skin=&#8221;light&#8221; btn_fw=&#8221;700&#8243; animation_delay=&#8221;900&#8243; link=&#8221;url:https%3A%2F%2Fsiriowire.com%2Fit%2Fcontatti%2F|title:Contatti|&#8221; el_class=&#8221;btn-triangle text-lg-right mb-0&#8243;][\/vc_column][\/vc_row][vc_row][vc_column][vc_separator color=&#8221;white&#8221; gap=&#8221;tall&#8221;][\/vc_column][\/vc_row][vc_row][vc_column][vc_column_text]\u00a0[\/vc_column_text][\/vc_column][\/vc_row]\" \/>\n<meta property=\"og:url\" content=\"https:\/\/siriowire.com\/it\/prodotti\/linea-bronzatura-per-beadwire\/\" \/>\n<meta property=\"og:site_name\" content=\"SIRIO\" \/>\n<meta property=\"article:publisher\" content=\"https:\/\/www.facebook.com\/SirioWireSrl\" \/>\n<meta property=\"article:modified_time\" content=\"2023-06-05T08:23:35+00:00\" \/>\n<meta name=\"twitter:card\" content=\"summary_large_image\" \/>\n<meta name=\"twitter:label1\" content=\"Tempo di lettura stimato\" \/>\n\t<meta name=\"twitter:data1\" content=\"2 minuti\" \/>\n<script type=\"application\/ld+json\" class=\"yoast-schema-graph\">{\"@context\":\"https:\/\/schema.org\",\"@graph\":[{\"@type\":\"WebPage\",\"@id\":\"https:\/\/siriowire.com\/it\/prodotti\/linea-bronzatura-per-beadwire\/\",\"url\":\"https:\/\/siriowire.com\/it\/prodotti\/linea-bronzatura-per-beadwire\/\",\"name\":\"Linea bronzatura per beadwire | SIRIO\",\"isPartOf\":{\"@id\":\"https:\/\/siriowire.com\/it\/#website\"},\"datePublished\":\"2021-03-24T09:08:55+00:00\",\"dateModified\":\"2023-06-05T08:23:35+00:00\",\"breadcrumb\":{\"@id\":\"https:\/\/siriowire.com\/it\/prodotti\/linea-bronzatura-per-beadwire\/#breadcrumb\"},\"inLanguage\":\"it-IT\",\"potentialAction\":[{\"@type\":\"ReadAction\",\"target\":[\"https:\/\/siriowire.com\/it\/prodotti\/linea-bronzatura-per-beadwire\/\"]}]},{\"@type\":\"BreadcrumbList\",\"@id\":\"https:\/\/siriowire.com\/it\/prodotti\/linea-bronzatura-per-beadwire\/#breadcrumb\",\"itemListElement\":[{\"@type\":\"ListItem\",\"position\":1,\"name\":\"Home\",\"item\":\"https:\/\/siriowire.com\/it\/\"},{\"@type\":\"ListItem\",\"position\":2,\"name\":\"Prodotti\",\"item\":\"https:\/\/siriowire.com\/it\/prodotti\/\"},{\"@type\":\"ListItem\",\"position\":3,\"name\":\"Linea bronzatura per beadwire\"}]},{\"@type\":\"WebSite\",\"@id\":\"https:\/\/siriowire.com\/it\/#website\",\"url\":\"https:\/\/siriowire.com\/it\/\",\"name\":\"Sirio Wire\",\"description\":\"\",\"publisher\":{\"@id\":\"https:\/\/siriowire.com\/it\/#organization\"},\"potentialAction\":[{\"@type\":\"SearchAction\",\"target\":{\"@type\":\"EntryPoint\",\"urlTemplate\":\"https:\/\/siriowire.com\/it\/?s={search_term_string}\"},\"query-input\":{\"@type\":\"PropertyValueSpecification\",\"valueRequired\":true,\"valueName\":\"search_term_string\"}}],\"inLanguage\":\"it-IT\"},{\"@type\":\"Organization\",\"@id\":\"https:\/\/siriowire.com\/it\/#organization\",\"name\":\"Sirio Wire\",\"url\":\"https:\/\/siriowire.com\/it\/\",\"logo\":{\"@type\":\"ImageObject\",\"inLanguage\":\"it-IT\",\"@id\":\"https:\/\/siriowire.com\/it\/#\/schema\/logo\/image\/\",\"url\":\"https:\/\/siriowire.com\/wp-content\/uploads\/2021\/03\/logo_366-1.png\",\"contentUrl\":\"https:\/\/siriowire.com\/wp-content\/uploads\/2021\/03\/logo_366-1.png\",\"width\":436,\"height\":146,\"caption\":\"Sirio Wire\"},\"image\":{\"@id\":\"https:\/\/siriowire.com\/it\/#\/schema\/logo\/image\/\"},\"sameAs\":[\"https:\/\/www.facebook.com\/SirioWireSrl\",\"https:\/\/www.linkedin.com\/company\/sirio-wire-srl\/\"]}]}<\/script>\n<!-- \/ Yoast SEO plugin. -->","yoast_head_json":{"title":"Linea bronzatura per beadwire | SIRIO","robots":{"index":"index","follow":"follow","max-snippet":"max-snippet:-1","max-image-preview":"max-image-preview:large","max-video-preview":"max-video-preview:-1"},"canonical":"https:\/\/siriowire.com\/it\/prodotti\/linea-bronzatura-per-beadwire\/","og_locale":"it_IT","og_type":"article","og_title":"Linea bronzatura per beadwire | SIRIO","og_description":"[vc_row css=&#8221;.vc_custom_1608390959445{background-color: #f7f7f7 !important;}&#8221;][vc_column el_class=&#8221;pt-5 pb-2 pb-lg-5&#8243;][\/vc_column][\/vc_row][vc_row content_placement=&#8221;middle&#8221; wrap_container=&#8221;yes&#8221; css=&#8221;.vc_custom_1608386006625{padding-top: 5.5rem !important;padding-bottom: 5.5rem !important;background: #d80d07 url(\/\/sw-themes.com\/porto_dummy\/wp-content\/uploads\/2020\/12\/industry-background-2.jpg?id=125) !important;background-position: center !important;background-repeat: no-repeat !important;background-size: cover !important;}&#8221; el_class=&#8221;overlay-primary&#8221;][vc_column width=&#8221;2\/3&#8243; el_class=&#8221;mb-4 mb-lg-0&#8243; offset=&#8221;vc_col-md-9&#8243;][vc_custom_heading text=&#8221;Non esitate a contattarci per qualsiasi domanda&#8221; font_container=&#8221;tag:h2|font_size:1.8em|text_align:left|line_height:1.3636&#8243; use_theme_fonts=&#8221;yes&#8221; font_weight=&#8221;700&#8243; skin=&#8221;light&#8221; letter_spacing=&#8221;.16em&#8221; el_class=&#8221;mb-0&#8243;][\/vc_column][vc_column offset=&#8221;vc_col-md-3&#8243;][vc_btn title=&#8221;Contattaci&#8221; style=&#8221;modern&#8221; size=&#8221;lg&#8221; align=&#8221;left&#8221; skin=&#8221;light&#8221; btn_fw=&#8221;700&#8243; animation_delay=&#8221;900&#8243; link=&#8221;url:https%3A%2F%2Fsiriowire.com%2Fit%2Fcontatti%2F|title:Contatti|&#8221; el_class=&#8221;btn-triangle text-lg-right mb-0&#8243;][\/vc_column][\/vc_row][vc_row][vc_column][vc_separator color=&#8221;white&#8221; gap=&#8221;tall&#8221;][\/vc_column][\/vc_row][vc_row][vc_column][vc_column_text]\u00a0[\/vc_column_text][\/vc_column][\/vc_row]","og_url":"https:\/\/siriowire.com\/it\/prodotti\/linea-bronzatura-per-beadwire\/","og_site_name":"SIRIO","article_publisher":"https:\/\/www.facebook.com\/SirioWireSrl","article_modified_time":"2023-06-05T08:23:35+00:00","twitter_card":"summary_large_image","twitter_misc":{"Tempo di lettura stimato":"2 minuti"},"schema":{"@context":"https:\/\/schema.org","@graph":[{"@type":"WebPage","@id":"https:\/\/siriowire.com\/it\/prodotti\/linea-bronzatura-per-beadwire\/","url":"https:\/\/siriowire.com\/it\/prodotti\/linea-bronzatura-per-beadwire\/","name":"Linea bronzatura per beadwire | SIRIO","isPartOf":{"@id":"https:\/\/siriowire.com\/it\/#website"},"datePublished":"2021-03-24T09:08:55+00:00","dateModified":"2023-06-05T08:23:35+00:00","breadcrumb":{"@id":"https:\/\/siriowire.com\/it\/prodotti\/linea-bronzatura-per-beadwire\/#breadcrumb"},"inLanguage":"it-IT","potentialAction":[{"@type":"ReadAction","target":["https:\/\/siriowire.com\/it\/prodotti\/linea-bronzatura-per-beadwire\/"]}]},{"@type":"BreadcrumbList","@id":"https:\/\/siriowire.com\/it\/prodotti\/linea-bronzatura-per-beadwire\/#breadcrumb","itemListElement":[{"@type":"ListItem","position":1,"name":"Home","item":"https:\/\/siriowire.com\/it\/"},{"@type":"ListItem","position":2,"name":"Prodotti","item":"https:\/\/siriowire.com\/it\/prodotti\/"},{"@type":"ListItem","position":3,"name":"Linea bronzatura per beadwire"}]},{"@type":"WebSite","@id":"https:\/\/siriowire.com\/it\/#website","url":"https:\/\/siriowire.com\/it\/","name":"Sirio Wire","description":"","publisher":{"@id":"https:\/\/siriowire.com\/it\/#organization"},"potentialAction":[{"@type":"SearchAction","target":{"@type":"EntryPoint","urlTemplate":"https:\/\/siriowire.com\/it\/?s={search_term_string}"},"query-input":{"@type":"PropertyValueSpecification","valueRequired":true,"valueName":"search_term_string"}}],"inLanguage":"it-IT"},{"@type":"Organization","@id":"https:\/\/siriowire.com\/it\/#organization","name":"Sirio Wire","url":"https:\/\/siriowire.com\/it\/","logo":{"@type":"ImageObject","inLanguage":"it-IT","@id":"https:\/\/siriowire.com\/it\/#\/schema\/logo\/image\/","url":"https:\/\/siriowire.com\/wp-content\/uploads\/2021\/03\/logo_366-1.png","contentUrl":"https:\/\/siriowire.com\/wp-content\/uploads\/2021\/03\/logo_366-1.png","width":436,"height":146,"caption":"Sirio Wire"},"image":{"@id":"https:\/\/siriowire.com\/it\/#\/schema\/logo\/image\/"},"sameAs":["https:\/\/www.facebook.com\/SirioWireSrl","https:\/\/www.linkedin.com\/company\/sirio-wire-srl\/"]}]}},"_links":{"self":[{"href":"https:\/\/siriowire.com\/it\/wp-json\/wp\/v2\/pages\/1861","targetHints":{"allow":["GET"]}}],"collection":[{"href":"https:\/\/siriowire.com\/it\/wp-json\/wp\/v2\/pages"}],"about":[{"href":"https:\/\/siriowire.com\/it\/wp-json\/wp\/v2\/types\/page"}],"author":[{"embeddable":true,"href":"https:\/\/siriowire.com\/it\/wp-json\/wp\/v2\/users\/1"}],"replies":[{"embeddable":true,"href":"https:\/\/siriowire.com\/it\/wp-json\/wp\/v2\/comments?post=1861"}],"version-history":[{"count":10,"href":"https:\/\/siriowire.com\/it\/wp-json\/wp\/v2\/pages\/1861\/revisions"}],"predecessor-version":[{"id":2125,"href":"https:\/\/siriowire.com\/it\/wp-json\/wp\/v2\/pages\/1861\/revisions\/2125"}],"up":[{"embeddable":true,"href":"https:\/\/siriowire.com\/it\/wp-json\/wp\/v2\/pages\/1851"}],"wp:attachment":[{"href":"https:\/\/siriowire.com\/it\/wp-json\/wp\/v2\/media?parent=1861"}],"wp:term":[{"taxonomy":"category","embeddable":true,"href":"https:\/\/siriowire.com\/it\/wp-json\/wp\/v2\/categories?post=1861"}],"curies":[{"name":"wp","href":"https:\/\/api.w.org\/{rel}","templated":true}]}}