{"id":1873,"date":"2020-12-19T15:06:24","date_gmt":"2020-12-19T14:06:24","guid":{"rendered":"https:\/\/siriowire.com\/equipments\/linea-di-fosfatazione-elettrolitica\/"},"modified":"2023-06-05T10:24:07","modified_gmt":"2023-06-05T08:24:07","slug":"linea-di-fosfatazione-elettrolitica","status":"publish","type":"page","link":"https:\/\/siriowire.com\/it\/prodotti\/linea-di-fosfatazione-elettrolitica\/","title":{"rendered":"Linea di fosfatazione elettrolitica"},"content":{"rendered":"<div class=\"wpb-content-wrapper\"><p>[vc_row css=&#8221;.vc_custom_1608390959445{background-color: #f7f7f7 !important;}&#8221;][vc_column el_class=&#8221;pt-5 pb-2 pb-lg-5&#8243;]<div class=\"porto-container container pt-3 \">[vc_custom_heading text=&#8221;PRODOTTI&#8221; font_container=&#8221;tag:h3|font_size:1.2em|text_align:left|line_height:42px&#8221; use_theme_fonts=&#8221;yes&#8221; font_weight=&#8221;500&#8243; skin=&#8221;primary&#8221; letter_spacing=&#8221;2.5px&#8221; animation_delay=&#8221;200&#8243; el_class=&#8221;mb-0&#8243; animation_type=&#8221;fadeInUp&#8221;][vc_custom_heading text=&#8221;Linea di fosfatazione elettrolitica&#8221; font_container=&#8221;tag:h2|font_size:2.5em|text_align:left|line_height:1.2&#8243; use_theme_fonts=&#8221;yes&#8221; text_transform=&#8221;text-uppercase&#8221; font_weight=&#8221;700&#8243; animation_delay=&#8221;400&#8243; el_class=&#8221;mb-3&#8243; animation_type=&#8221;fadeInUp&#8221;][vc_custom_heading text=&#8221;Una buona lubrificazione \u00e8 un elemento fondamentale nel processo di trafilatura, questa infatti permette il passaggio del filo attraverso una filiera riducendone la sezione. La fosfatazione \u00e8 quindi un processo determinante prima della trafilatura in quanto lo strato di fosfato cristallino che si viene a creare, oltre a creare un \u201cfilm\u201d liscio, duraturo e protettivo anti ruggine, funge da rivestimento portante sul quale vengono applicati i lubrificanti (a base di calce, sapone, polimeri).&#8221; font_container=&#8221;tag:p|text_align:left&#8221; use_theme_fonts=&#8221;yes&#8221; animation_delay=&#8221;800&#8243; el_class=&#8221;mb-0&#8243; animation_type=&#8221;fadeInUp&#8221;][vc_row_inner el_class=&#8221;clear pt-4&#8243;][vc_column_inner el_class=&#8221;pr-lg-5 mb-4 mb-lg-0&#8243; offset=&#8221;vc_col-lg-6 vc_col-md-7&#8243;][vc_gallery type=&#8221;flexslider_slide&#8221; interval=&#8221;0&#8243; images=&#8221;467,466&#8243; img_size=&#8221;large&#8221;][\/vc_column_inner][vc_column_inner offset=&#8221;vc_col-lg-6 vc_col-md-5&#8243;][vc_custom_heading text=&#8221;Normalmente il deposito di fosfato (prodotto appositamente formulato per ottimizzate il substrato, la disposizione e la sequenza di processo) viene realizzato con processi in linea o mediante immersione delle matasse di filo in vasche. In entrambi i casi il prodotto si deposita al semplice contatto con la superfice metallica. Sebbene questo sistema sia affidabile e facilmente controllabile, presenta l\u2019inconveniente della formazione di fanghi che, una volta presenti in vasca, influiscono negativamente sull&#8217;economia del processo infatti:<\/p>\n<ul>\n<li>Pezzi di fango presenti sulle superfici trattate danno imperfezzioni nelle fasi di stampaggio<\/li>\n<li>La presenza di fanghi riduce l\u2019efficienza del bagno di lavoro, \u00e8 quindi necessario il fermo impianto periodico per la pulizia dei serbatoi di lavoro<\/li>\n<li>Costi elevati per lo smaltimento dei fanghi di fosfato<\/li>\n<\/ul>\n<p>&#8221; font_container=&#8221;tag:p|text_align:left&#8221; use_theme_fonts=&#8221;yes&#8221; animation_delay=&#8221;1200&#8243; el_class=&#8221;pb-2 mb-4&#8243; animation_type=&#8221;fadeInUp&#8221;][\/vc_column_inner][\/vc_row_inner]<\/div>[\/vc_column][\/vc_row][vc_row content_placement=&#8221;middle&#8221; wrap_container=&#8221;yes&#8221; css=&#8221;.vc_custom_1608386006625{padding-top: 5.5rem !important;padding-bottom: 5.5rem !important;background: #d80d07 url(\/\/sw-themes.com\/porto_dummy\/wp-content\/uploads\/2020\/12\/industry-background-2.jpg?id=125) !important;background-position: center !important;background-repeat: no-repeat !important;background-size: cover !important;}&#8221; el_class=&#8221;overlay-primary&#8221;][vc_column width=&#8221;2\/3&#8243; el_class=&#8221;mb-4 mb-lg-0&#8243; offset=&#8221;vc_col-md-9&#8243;][vc_custom_heading text=&#8221;Non esitate a contattarci per qualsiasi domanda&#8221; font_container=&#8221;tag:h2|font_size:1.8em|text_align:left|line_height:1.3636&#8243; use_theme_fonts=&#8221;yes&#8221; font_weight=&#8221;700&#8243; skin=&#8221;light&#8221; letter_spacing=&#8221;.16em&#8221; el_class=&#8221;mb-0&#8243;][\/vc_column][vc_column offset=&#8221;vc_col-md-3&#8243;][vc_btn title=&#8221;Contattaci&#8221; style=&#8221;modern&#8221; size=&#8221;lg&#8221; align=&#8221;left&#8221; skin=&#8221;light&#8221; btn_fw=&#8221;700&#8243; animation_delay=&#8221;900&#8243; link=&#8221;url:https%3A%2F%2Fsiriowire.com%2Fit%2Fcontatti%2F|title:Contatti|&#8221; el_class=&#8221;btn-triangle text-lg-right mb-0&#8243;][\/vc_column][\/vc_row][vc_row][vc_column css=&#8221;.vc_custom_1615554207496{margin-top: 80px !important;}&#8221;]<div class=\"porto-container container pt-3 pb-2 mb-2 \">[vc_custom_heading text=&#8221;La tecnologia di fosfatazione elettrolitica funziona combinando l&#8217;effetto accelerante di una corrente elettrica con le sostanze chimiche presenti nel bagno di fosfatazione.<br \/>\n\u00c8 applicabile solo al pretrattamento in linea del filo e rispetto al sistema convanzionale, presenta numerosi vantaggi:&#8221; font_container=&#8221;tag:p|text_align:left&#8221; use_theme_fonts=&#8221;yes&#8221; animation_delay=&#8221;800&#8243; el_class=&#8221;mb-0&#8243; animation_type=&#8221;fadeInUp&#8221;][vc_empty_space height=&#8221;20px&#8221;][vc_custom_heading text=&#8221;I Vantaggi&#8221; font_container=&#8221;tag:h3|font_size:1.2em|text_align:left|line_height:42px&#8221; use_theme_fonts=&#8221;yes&#8221; font_weight=&#8221;500&#8243; skin=&#8221;primary&#8221; letter_spacing=&#8221;2.5px&#8221; animation_delay=&#8221;200&#8243; el_class=&#8221;mb-0&#8243; animation_type=&#8221;fadeInUp&#8221;][vc_custom_heading text=&#8221;Evita la formazione di fanghi&#8221; font_container=&#8221;tag:h2|font_size:2.5em|text_align:left|line_height:1.2&#8243; use_theme_fonts=&#8221;yes&#8221; text_transform=&#8221;text-uppercase&#8221; font_weight=&#8221;700&#8243; animation_delay=&#8221;400&#8243; el_class=&#8221;mb-3&#8243; animation_type=&#8221;fadeInUp&#8221;][vc_custom_heading text=&#8221;La corrente elettrica applicata al filo durante il processo di rivestimento, previene lo scioglimento del ferro presente nel filo, evitando in questo modo la formazione dei fanghi.&#8221; font_container=&#8221;tag:p|text_align:left&#8221; use_theme_fonts=&#8221;yes&#8221; animation_delay=&#8221;800&#8243; el_class=&#8221;mb-0&#8243; animation_type=&#8221;fadeInUp&#8221;]<\/div><div class=\"porto-container container pt-3 pb-2 mb-2 \">[vc_custom_heading text=&#8221;Miglioramento della morfologia superficiale&#8221; font_container=&#8221;tag:h2|font_size:2.5em|text_align:left|line_height:1.2&#8243; use_theme_fonts=&#8221;yes&#8221; text_transform=&#8221;text-uppercase&#8221; font_weight=&#8221;700&#8243; animation_delay=&#8221;400&#8243; el_class=&#8221;mb-3&#8243; animation_type=&#8221;fadeInUp&#8221;][vc_custom_heading text=&#8221;Il filo trattato ha una superficie molto pi\u00f9 liscia rispetto a quella trattata in modo convenzionale. Questo \u00e8 dovuto all&#8217;assenza di attacco acido sulla superficie del filo permettendo cos\u00ec un deposito omogeneo che riduce gli attriti e consente una maggior durata nel tempo dello stampo.&#8221; font_container=&#8221;tag:p|text_align:left&#8221; use_theme_fonts=&#8221;yes&#8221; animation_delay=&#8221;800&#8243; el_class=&#8221;mb-0&#8243; animation_type=&#8221;fadeInUp&#8221;]<\/div><div class=\"porto-container container pt-3 pb-5 mb-5 \">[vc_custom_heading text=&#8221;Spessore del rivestimento e tempi del processo&#8221; font_container=&#8221;tag:h2|font_size:2.5em|text_align:left|line_height:1.2&#8243; use_theme_fonts=&#8221;yes&#8221; text_transform=&#8221;text-uppercase&#8221; font_weight=&#8221;700&#8243; animation_delay=&#8221;400&#8243; el_class=&#8221;mb-3&#8243; animation_type=&#8221;fadeInUp&#8221;][vc_custom_heading text=&#8221;Il deposito superficiale del Fosfato pu\u00f2 essere facilmente regolato variando la densit\u00e0 di corrente applicata al filo infatti, esiste una correlazione virtualmente lineare tra i parametri corrente e tempo, che rende incredibilmente facile la regolazione del deposito di rivestimento sulla superfice trattata. Maggiore \u00e8 la densit\u00e0 di corrente, maggiore \u00e8 lo spessore del rivestimento (micron) Nel processo elettrolitico, sono generalmente necessari da 2 a 5 secondi per applicare il rivestimento di fosfato sulla superficie del filo. Al contrario, in un bagno tradizionale con un alto punto di acidit\u00e0 sono richiesti almeno 10 secondi e possono essere necessari diversi minuti per completare il rivestimento, a seconda dello spessore di fosfato desiderato, della natura del substrato e di altri parametri di processo.&#8221; font_container=&#8221;tag:p|text_align:left&#8221; use_theme_fonts=&#8221;yes&#8221; animation_delay=&#8221;800&#8243; el_class=&#8221;mb-0&#8243; animation_type=&#8221;fadeInUp&#8221;]<\/div>[\/vc_column][\/vc_row]<\/p>\n<\/div>","protected":false},"excerpt":{"rendered":"<p>[vc_row css=&#8221;.vc_custom_1608390959445{background-color: #f7f7f7 !important;}&#8221;][vc_column el_class=&#8221;pt-5 pb-2 pb-lg-5&#8243;][\/vc_column][\/vc_row][vc_row content_placement=&#8221;middle&#8221; wrap_container=&#8221;yes&#8221; css=&#8221;.vc_custom_1608386006625{padding-top: 5.5rem !important;padding-bottom: 5.5rem !important;background: #d80d07 url(\/\/sw-themes.com\/porto_dummy\/wp-content\/uploads\/2020\/12\/industry-background-2.jpg?id=125) !important;background-position: center !important;background-repeat: no-repeat !important;background-size: cover !important;}&#8221; el_class=&#8221;overlay-primary&#8221;][vc_column width=&#8221;2\/3&#8243; el_class=&#8221;mb-4 mb-lg-0&#8243; offset=&#8221;vc_col-md-9&#8243;][vc_custom_heading text=&#8221;Non esitate a contattarci per qualsiasi domanda&#8221; font_container=&#8221;tag:h2|font_size:1.8em|text_align:left|line_height:1.3636&#8243; use_theme_fonts=&#8221;yes&#8221; font_weight=&#8221;700&#8243; skin=&#8221;light&#8221; letter_spacing=&#8221;.16em&#8221; el_class=&#8221;mb-0&#8243;][\/vc_column][vc_column offset=&#8221;vc_col-md-3&#8243;][vc_btn title=&#8221;Contattaci&#8221; style=&#8221;modern&#8221; size=&#8221;lg&#8221; align=&#8221;left&#8221; skin=&#8221;light&#8221; btn_fw=&#8221;700&#8243; animation_delay=&#8221;900&#8243; link=&#8221;url:https%3A%2F%2Fsiriowire.com%2Fit%2Fcontatti%2F|title:Contatti|&#8221; el_class=&#8221;btn-triangle text-lg-right mb-0&#8243;][\/vc_column][\/vc_row][vc_row][vc_column css=&#8221;.vc_custom_1615554207496{margin-top: 80px [&hellip;]<\/p>\n","protected":false},"author":1,"featured_media":0,"parent":1851,"menu_order":0,"comment_status":"closed","ping_status":"closed","template":"","meta":{"footnotes":""},"categories":[],"class_list":["post-1873","page","type-page","status-publish","hentry"],"yoast_head":"<!-- This site is optimized with the Yoast SEO plugin v26.3 - https:\/\/yoast.com\/wordpress\/plugins\/seo\/ -->\n<title>Linea di fosfatazione elettrolitica | SIRIO<\/title>\n<meta name=\"robots\" content=\"index, follow, max-snippet:-1, max-image-preview:large, max-video-preview:-1\" \/>\n<link rel=\"canonical\" href=\"https:\/\/siriowire.com\/it\/prodotti\/linea-di-fosfatazione-elettrolitica\/\" \/>\n<meta property=\"og:locale\" content=\"it_IT\" \/>\n<meta property=\"og:type\" content=\"article\" \/>\n<meta property=\"og:title\" content=\"Linea di fosfatazione elettrolitica | SIRIO\" \/>\n<meta property=\"og:description\" content=\"[vc_row css=&#8221;.vc_custom_1608390959445{background-color: #f7f7f7 !important;}&#8221;][vc_column el_class=&#8221;pt-5 pb-2 pb-lg-5&#8243;][\/vc_column][\/vc_row][vc_row content_placement=&#8221;middle&#8221; wrap_container=&#8221;yes&#8221; css=&#8221;.vc_custom_1608386006625{padding-top: 5.5rem !important;padding-bottom: 5.5rem !important;background: #d80d07 url(\/\/sw-themes.com\/porto_dummy\/wp-content\/uploads\/2020\/12\/industry-background-2.jpg?id=125) !important;background-position: center !important;background-repeat: no-repeat !important;background-size: cover !important;}&#8221; el_class=&#8221;overlay-primary&#8221;][vc_column width=&#8221;2\/3&#8243; el_class=&#8221;mb-4 mb-lg-0&#8243; offset=&#8221;vc_col-md-9&#8243;][vc_custom_heading text=&#8221;Non esitate a contattarci per qualsiasi domanda&#8221; font_container=&#8221;tag:h2|font_size:1.8em|text_align:left|line_height:1.3636&#8243; use_theme_fonts=&#8221;yes&#8221; font_weight=&#8221;700&#8243; skin=&#8221;light&#8221; letter_spacing=&#8221;.16em&#8221; el_class=&#8221;mb-0&#8243;][\/vc_column][vc_column offset=&#8221;vc_col-md-3&#8243;][vc_btn title=&#8221;Contattaci&#8221; style=&#8221;modern&#8221; size=&#8221;lg&#8221; align=&#8221;left&#8221; skin=&#8221;light&#8221; btn_fw=&#8221;700&#8243; animation_delay=&#8221;900&#8243; link=&#8221;url:https%3A%2F%2Fsiriowire.com%2Fit%2Fcontatti%2F|title:Contatti|&#8221; el_class=&#8221;btn-triangle text-lg-right mb-0&#8243;][\/vc_column][\/vc_row][vc_row][vc_column css=&#8221;.vc_custom_1615554207496{margin-top: 80px [&hellip;]\" \/>\n<meta property=\"og:url\" content=\"https:\/\/siriowire.com\/it\/prodotti\/linea-di-fosfatazione-elettrolitica\/\" \/>\n<meta property=\"og:site_name\" content=\"SIRIO\" \/>\n<meta property=\"article:publisher\" content=\"https:\/\/www.facebook.com\/SirioWireSrl\" \/>\n<meta property=\"article:modified_time\" content=\"2023-06-05T08:24:07+00:00\" \/>\n<meta name=\"twitter:card\" content=\"summary_large_image\" \/>\n<meta name=\"twitter:label1\" content=\"Tempo di lettura stimato\" \/>\n\t<meta name=\"twitter:data1\" content=\"3 minuti\" \/>\n<script type=\"application\/ld+json\" class=\"yoast-schema-graph\">{\"@context\":\"https:\/\/schema.org\",\"@graph\":[{\"@type\":\"WebPage\",\"@id\":\"https:\/\/siriowire.com\/it\/prodotti\/linea-di-fosfatazione-elettrolitica\/\",\"url\":\"https:\/\/siriowire.com\/it\/prodotti\/linea-di-fosfatazione-elettrolitica\/\",\"name\":\"Linea di fosfatazione elettrolitica | SIRIO\",\"isPartOf\":{\"@id\":\"https:\/\/siriowire.com\/it\/#website\"},\"datePublished\":\"2020-12-19T14:06:24+00:00\",\"dateModified\":\"2023-06-05T08:24:07+00:00\",\"breadcrumb\":{\"@id\":\"https:\/\/siriowire.com\/it\/prodotti\/linea-di-fosfatazione-elettrolitica\/#breadcrumb\"},\"inLanguage\":\"it-IT\",\"potentialAction\":[{\"@type\":\"ReadAction\",\"target\":[\"https:\/\/siriowire.com\/it\/prodotti\/linea-di-fosfatazione-elettrolitica\/\"]}]},{\"@type\":\"BreadcrumbList\",\"@id\":\"https:\/\/siriowire.com\/it\/prodotti\/linea-di-fosfatazione-elettrolitica\/#breadcrumb\",\"itemListElement\":[{\"@type\":\"ListItem\",\"position\":1,\"name\":\"Home\",\"item\":\"https:\/\/siriowire.com\/it\/\"},{\"@type\":\"ListItem\",\"position\":2,\"name\":\"Prodotti\",\"item\":\"https:\/\/siriowire.com\/it\/prodotti\/\"},{\"@type\":\"ListItem\",\"position\":3,\"name\":\"Linea di fosfatazione elettrolitica\"}]},{\"@type\":\"WebSite\",\"@id\":\"https:\/\/siriowire.com\/it\/#website\",\"url\":\"https:\/\/siriowire.com\/it\/\",\"name\":\"Sirio Wire\",\"description\":\"\",\"publisher\":{\"@id\":\"https:\/\/siriowire.com\/it\/#organization\"},\"potentialAction\":[{\"@type\":\"SearchAction\",\"target\":{\"@type\":\"EntryPoint\",\"urlTemplate\":\"https:\/\/siriowire.com\/it\/?s={search_term_string}\"},\"query-input\":{\"@type\":\"PropertyValueSpecification\",\"valueRequired\":true,\"valueName\":\"search_term_string\"}}],\"inLanguage\":\"it-IT\"},{\"@type\":\"Organization\",\"@id\":\"https:\/\/siriowire.com\/it\/#organization\",\"name\":\"Sirio Wire\",\"url\":\"https:\/\/siriowire.com\/it\/\",\"logo\":{\"@type\":\"ImageObject\",\"inLanguage\":\"it-IT\",\"@id\":\"https:\/\/siriowire.com\/it\/#\/schema\/logo\/image\/\",\"url\":\"https:\/\/siriowire.com\/wp-content\/uploads\/2021\/03\/logo_366-1.png\",\"contentUrl\":\"https:\/\/siriowire.com\/wp-content\/uploads\/2021\/03\/logo_366-1.png\",\"width\":436,\"height\":146,\"caption\":\"Sirio Wire\"},\"image\":{\"@id\":\"https:\/\/siriowire.com\/it\/#\/schema\/logo\/image\/\"},\"sameAs\":[\"https:\/\/www.facebook.com\/SirioWireSrl\",\"https:\/\/www.linkedin.com\/company\/sirio-wire-srl\/\"]}]}<\/script>\n<!-- \/ Yoast SEO plugin. -->","yoast_head_json":{"title":"Linea di fosfatazione elettrolitica | SIRIO","robots":{"index":"index","follow":"follow","max-snippet":"max-snippet:-1","max-image-preview":"max-image-preview:large","max-video-preview":"max-video-preview:-1"},"canonical":"https:\/\/siriowire.com\/it\/prodotti\/linea-di-fosfatazione-elettrolitica\/","og_locale":"it_IT","og_type":"article","og_title":"Linea di fosfatazione elettrolitica | SIRIO","og_description":"[vc_row css=&#8221;.vc_custom_1608390959445{background-color: #f7f7f7 !important;}&#8221;][vc_column el_class=&#8221;pt-5 pb-2 pb-lg-5&#8243;][\/vc_column][\/vc_row][vc_row content_placement=&#8221;middle&#8221; wrap_container=&#8221;yes&#8221; css=&#8221;.vc_custom_1608386006625{padding-top: 5.5rem !important;padding-bottom: 5.5rem !important;background: #d80d07 url(\/\/sw-themes.com\/porto_dummy\/wp-content\/uploads\/2020\/12\/industry-background-2.jpg?id=125) !important;background-position: center !important;background-repeat: no-repeat !important;background-size: cover !important;}&#8221; el_class=&#8221;overlay-primary&#8221;][vc_column width=&#8221;2\/3&#8243; el_class=&#8221;mb-4 mb-lg-0&#8243; offset=&#8221;vc_col-md-9&#8243;][vc_custom_heading text=&#8221;Non esitate a contattarci per qualsiasi domanda&#8221; font_container=&#8221;tag:h2|font_size:1.8em|text_align:left|line_height:1.3636&#8243; use_theme_fonts=&#8221;yes&#8221; font_weight=&#8221;700&#8243; skin=&#8221;light&#8221; letter_spacing=&#8221;.16em&#8221; el_class=&#8221;mb-0&#8243;][\/vc_column][vc_column offset=&#8221;vc_col-md-3&#8243;][vc_btn title=&#8221;Contattaci&#8221; style=&#8221;modern&#8221; size=&#8221;lg&#8221; align=&#8221;left&#8221; skin=&#8221;light&#8221; btn_fw=&#8221;700&#8243; animation_delay=&#8221;900&#8243; link=&#8221;url:https%3A%2F%2Fsiriowire.com%2Fit%2Fcontatti%2F|title:Contatti|&#8221; el_class=&#8221;btn-triangle text-lg-right mb-0&#8243;][\/vc_column][\/vc_row][vc_row][vc_column css=&#8221;.vc_custom_1615554207496{margin-top: 80px [&hellip;]","og_url":"https:\/\/siriowire.com\/it\/prodotti\/linea-di-fosfatazione-elettrolitica\/","og_site_name":"SIRIO","article_publisher":"https:\/\/www.facebook.com\/SirioWireSrl","article_modified_time":"2023-06-05T08:24:07+00:00","twitter_card":"summary_large_image","twitter_misc":{"Tempo di lettura stimato":"3 minuti"},"schema":{"@context":"https:\/\/schema.org","@graph":[{"@type":"WebPage","@id":"https:\/\/siriowire.com\/it\/prodotti\/linea-di-fosfatazione-elettrolitica\/","url":"https:\/\/siriowire.com\/it\/prodotti\/linea-di-fosfatazione-elettrolitica\/","name":"Linea di fosfatazione elettrolitica | SIRIO","isPartOf":{"@id":"https:\/\/siriowire.com\/it\/#website"},"datePublished":"2020-12-19T14:06:24+00:00","dateModified":"2023-06-05T08:24:07+00:00","breadcrumb":{"@id":"https:\/\/siriowire.com\/it\/prodotti\/linea-di-fosfatazione-elettrolitica\/#breadcrumb"},"inLanguage":"it-IT","potentialAction":[{"@type":"ReadAction","target":["https:\/\/siriowire.com\/it\/prodotti\/linea-di-fosfatazione-elettrolitica\/"]}]},{"@type":"BreadcrumbList","@id":"https:\/\/siriowire.com\/it\/prodotti\/linea-di-fosfatazione-elettrolitica\/#breadcrumb","itemListElement":[{"@type":"ListItem","position":1,"name":"Home","item":"https:\/\/siriowire.com\/it\/"},{"@type":"ListItem","position":2,"name":"Prodotti","item":"https:\/\/siriowire.com\/it\/prodotti\/"},{"@type":"ListItem","position":3,"name":"Linea di fosfatazione elettrolitica"}]},{"@type":"WebSite","@id":"https:\/\/siriowire.com\/it\/#website","url":"https:\/\/siriowire.com\/it\/","name":"Sirio Wire","description":"","publisher":{"@id":"https:\/\/siriowire.com\/it\/#organization"},"potentialAction":[{"@type":"SearchAction","target":{"@type":"EntryPoint","urlTemplate":"https:\/\/siriowire.com\/it\/?s={search_term_string}"},"query-input":{"@type":"PropertyValueSpecification","valueRequired":true,"valueName":"search_term_string"}}],"inLanguage":"it-IT"},{"@type":"Organization","@id":"https:\/\/siriowire.com\/it\/#organization","name":"Sirio Wire","url":"https:\/\/siriowire.com\/it\/","logo":{"@type":"ImageObject","inLanguage":"it-IT","@id":"https:\/\/siriowire.com\/it\/#\/schema\/logo\/image\/","url":"https:\/\/siriowire.com\/wp-content\/uploads\/2021\/03\/logo_366-1.png","contentUrl":"https:\/\/siriowire.com\/wp-content\/uploads\/2021\/03\/logo_366-1.png","width":436,"height":146,"caption":"Sirio Wire"},"image":{"@id":"https:\/\/siriowire.com\/it\/#\/schema\/logo\/image\/"},"sameAs":["https:\/\/www.facebook.com\/SirioWireSrl","https:\/\/www.linkedin.com\/company\/sirio-wire-srl\/"]}]}},"_links":{"self":[{"href":"https:\/\/siriowire.com\/it\/wp-json\/wp\/v2\/pages\/1873","targetHints":{"allow":["GET"]}}],"collection":[{"href":"https:\/\/siriowire.com\/it\/wp-json\/wp\/v2\/pages"}],"about":[{"href":"https:\/\/siriowire.com\/it\/wp-json\/wp\/v2\/types\/page"}],"author":[{"embeddable":true,"href":"https:\/\/siriowire.com\/it\/wp-json\/wp\/v2\/users\/1"}],"replies":[{"embeddable":true,"href":"https:\/\/siriowire.com\/it\/wp-json\/wp\/v2\/comments?post=1873"}],"version-history":[{"count":16,"href":"https:\/\/siriowire.com\/it\/wp-json\/wp\/v2\/pages\/1873\/revisions"}],"predecessor-version":[{"id":2126,"href":"https:\/\/siriowire.com\/it\/wp-json\/wp\/v2\/pages\/1873\/revisions\/2126"}],"up":[{"embeddable":true,"href":"https:\/\/siriowire.com\/it\/wp-json\/wp\/v2\/pages\/1851"}],"wp:attachment":[{"href":"https:\/\/siriowire.com\/it\/wp-json\/wp\/v2\/media?parent=1873"}],"wp:term":[{"taxonomy":"category","embeddable":true,"href":"https:\/\/siriowire.com\/it\/wp-json\/wp\/v2\/categories?post=1873"}],"curies":[{"name":"wp","href":"https:\/\/api.w.org\/{rel}","templated":true}]}}