{"id":1921,"date":"2021-03-08T09:45:09","date_gmt":"2021-03-08T08:45:09","guid":{"rendered":"https:\/\/siriowire.com\/privacy-policy\/"},"modified":"2023-04-26T15:48:33","modified_gmt":"2023-04-26T13:48:33","slug":"privacy-policy","status":"publish","type":"page","link":"https:\/\/siriowire.com\/it\/privacy-policy\/","title":{"rendered":"Privacy policy"},"content":{"rendered":"\n<p><\/p>\n\n<h2 class=\"wp-block-heading\"><em>LETTERA INORMATIVA SULLA PRIVACY ( D.LGS. N.196 DEL 30 GIUGNO 2003)<\/em><\/h2>\n\n<p><\/p>\n\n<p>Gent.Cliente,<\/p>\n\n<p>desideriamo informarla che la legge 31 Dicembre 1996, n. 675 relativa al trattamento dei dati personali \u00e8 stata abrogata.<\/p>\n\n<p>Pertanto i Suoi dati personali custoditi presso la nostra societ\u00e0 saranno trattati in conformit\u00e0 al Decr.Leg. n.196 de l 30 giugno 2003, il nuovo Codice in Materia di Protezione dei dati Personali &#8221; entrato in vigore il 1\u00b0 Gennaio 2004.<\/p>\n\n<p>Nella sua qualit\u00e0 di interessato, cio\u00e8 di persona alla quale si riferiscono i dati personali oggetto della presente informativa, ai sensi degli art. 7 e 13, desideriamo informarla di quanto segue.<\/p>\n\n<p>1. Il trattamento dei dati che La riguardano, richiesti o acquisiti a Lei o presso terzi, ha la finalit\u00e0 di provvedere:<\/p>\n\n<p>&#8211; agli adempimenti degli obblighi contrattuali ed alla gestione Clienti\/Fornitori ( ad es. raccolta ordini e<\/p>\n\n<p>conferme d\u2019ordine, stipulazioni di contratti, invio di beni o effettuazione di servizi, intestazione di fatture o<\/p>\n\n<p>note di accredito);<\/p>\n\n<p>&#8211; agli obblighi previsti da legge, regolamenti e da normative nazionali e\/o comunitarie in materia contrattuale<\/p>\n\n<p>contabile e fiscale ( ad es. comunicazioni clienti e fornitori all\u2019anagrafe tributaria, denunce obbligatorie quali<\/p>\n\n<p>modd.770, 760, denuncia ( i.v.a.);<\/p>\n\n<p>&#8211; alla gestione dell\u2019attivit\u00e0 aziendale ed in particolare:<\/p>\n\n<ol class=\"wp-block-list\" type=\"a\"><li>all\u2019invio di materiale informatico relativo a beni o servizi offerti dalla nostra azienda;<\/li><li>all\u2019analisi statistica per finalit\u00e0 commerciali;<\/li><li>alla gestione, tutela e cessione del credito;<\/li><li>all\u2019archiviazione storica.<\/li><\/ol>\n\n<p>2. Il trattamento potr\u00e0 effettuarsi con o senza l&#8217;ausilio di mezzi elettronici o comunque automatizzati, nel rispetto delle regole di riservatezza e di sicurezza previste dalla legge e\/o da regolamenti interni, compatibili con le finalit\u00e0<\/p>\n\n<p>per cui i dati sono stati raccolti, in ogni fase del trattamento, con particolare riguardo alla conservazione, eventuale blocco, cancellazione e distruzione. In particolare i dati saranno trattati mediante loro confronto, classificazione e calcolo, nonch\u00e9 mediante produzione di lista od elenchi.<\/p>\n\n<p>3. Il conferimento dei dati personali relativi al trattamento in parola ha natura in parte facoltativa ed in parte obbligatoria e l&#8217;eventuale, parziale o totale rifiuto di rispondere comporter\u00e0 o potr\u00e0 comportare per questa societ\u00e0 l&#8217;impossibilit\u00e0 di adempiere agli obblighi di legge o di contratto previsti al punto 1 della presente informativa e, conseguentemente, di dare esecuzione al rapporto.<\/p>\n\n<p>4. I dati relativi al trattamento in questione, o alcuni di essi, potranno essere comunicati alle seguenti persone o enti:<\/p>\n\n<p>&#8211; ad altri uffici di questa societ\u00e0 o di altre societ\u00e0, anche straniere con la stessa collegate ovvero con le quali<\/p>\n\n<p>vengono intrattenute relazioni;<\/p>\n\n<p>&#8211; alla rete commerciale (concessionari, distributori, agenti e procacciatori);<\/p>\n\n<p>&#8211; alle pubbliche amministrazioni, per gli adempimenti obbligatori previsti da leggi, regolamenti o normative<\/p>\n\n<p>comunitarie ( ad es. I.N.P.S., I.N.A.I.L., A.U.S.L., Uffici del lavoro, Uffici fiscali);<\/p>\n\n<p>&#8211; agli istituti bancari, per la gestione di servizi e pagamenti ed incassi;<\/p>\n\n<p>&#8211; a collaboratori autonomi della societ\u00e0, consulenti del lavoro, nonch\u00e9 professionisti (per es. avvocati e<\/p>\n\n<p>commercialisti);<\/p>\n\n<p>&#8211; a soggetti incaricati della gestione del credito e\/o di fornire informazioni commerciali.<\/p>\n\n<p>5. In considerazione dell\u2019esistenza di collegamenti dei dati personali con mezzi telematici, informatici o di<\/p>\n\n<p>corrispondenza, gli stessi potranno essere resi disponibili all\u2019estero, anche fuori dei Paesi U.E<\/p>\n\n<p>6. In qualit\u00e0 di interessato del trattamento in esame Le \u00e8 riconosciuto l\u2019esercizio dei diritti di cui all\u2019art.7 del<\/p>\n\n<p>DL 196\/03,<\/p>\n\n<p>(di cui si riporta in allegato il testo integrale). Che potranno essere esercitati mediante richiesta scritta<\/p>\n\n<p>indirizzata a: info@siriowire.it<\/p>\n\n<p>7. Titolare del trattamento in parola \u00e8<strong>: Sirio Wire, Via Torino 3\/5, 2814 VAREDO, MB<\/strong><\/p>\n\n<p>8. Responsabile del Trattamento e: Heynen Thierry<\/p>\n","protected":false},"excerpt":{"rendered":"<p>LETTERA INORMATIVA SULLA PRIVACY ( D.LGS. N.196 DEL 30 GIUGNO 2003) Gent.Cliente, desideriamo informarla che la legge 31 Dicembre 1996, n. 675 relativa al trattamento dei dati personali \u00e8 stata abrogata. Pertanto i Suoi dati personali custoditi presso la nostra societ\u00e0 saranno trattati in conformit\u00e0 al Decr.Leg. n.196 de l 30 giugno 2003, il nuovo [&hellip;]<\/p>\n","protected":false},"author":1,"featured_media":0,"parent":0,"menu_order":0,"comment_status":"closed","ping_status":"open","template":"","meta":{"footnotes":""},"categories":[],"class_list":["post-1921","page","type-page","status-publish","hentry"],"yoast_head":"<!-- This site is optimized with the Yoast SEO plugin v26.3 - https:\/\/yoast.com\/wordpress\/plugins\/seo\/ -->\n<title>Privacy policy | SIRIO<\/title>\n<meta name=\"robots\" content=\"index, follow, max-snippet:-1, max-image-preview:large, max-video-preview:-1\" \/>\n<link rel=\"canonical\" href=\"https:\/\/siriowire.com\/it\/privacy-policy\/\" \/>\n<meta property=\"og:locale\" content=\"it_IT\" \/>\n<meta property=\"og:type\" content=\"article\" \/>\n<meta property=\"og:title\" content=\"Privacy policy | SIRIO\" \/>\n<meta property=\"og:description\" content=\"LETTERA INORMATIVA SULLA PRIVACY ( D.LGS. N.196 DEL 30 GIUGNO 2003) Gent.Cliente, desideriamo informarla che la legge 31 Dicembre 1996, n. 675 relativa al trattamento dei dati personali \u00e8 stata abrogata. Pertanto i Suoi dati personali custoditi presso la nostra societ\u00e0 saranno trattati in conformit\u00e0 al Decr.Leg. n.196 de l 30 giugno 2003, il nuovo [&hellip;]\" \/>\n<meta property=\"og:url\" content=\"https:\/\/siriowire.com\/it\/privacy-policy\/\" \/>\n<meta property=\"og:site_name\" content=\"SIRIO\" \/>\n<meta property=\"article:publisher\" content=\"https:\/\/www.facebook.com\/SirioWireSrl\" \/>\n<meta property=\"article:modified_time\" content=\"2023-04-26T13:48:33+00:00\" \/>\n<meta name=\"twitter:card\" content=\"summary_large_image\" \/>\n<meta name=\"twitter:label1\" content=\"Tempo di lettura stimato\" \/>\n\t<meta name=\"twitter:data1\" content=\"3 minuti\" \/>\n<script type=\"application\/ld+json\" class=\"yoast-schema-graph\">{\"@context\":\"https:\/\/schema.org\",\"@graph\":[{\"@type\":\"WebPage\",\"@id\":\"https:\/\/siriowire.com\/it\/privacy-policy\/\",\"url\":\"https:\/\/siriowire.com\/it\/privacy-policy\/\",\"name\":\"Privacy policy | SIRIO\",\"isPartOf\":{\"@id\":\"https:\/\/siriowire.com\/it\/#website\"},\"datePublished\":\"2021-03-08T08:45:09+00:00\",\"dateModified\":\"2023-04-26T13:48:33+00:00\",\"breadcrumb\":{\"@id\":\"https:\/\/siriowire.com\/it\/privacy-policy\/#breadcrumb\"},\"inLanguage\":\"it-IT\",\"potentialAction\":[{\"@type\":\"ReadAction\",\"target\":[\"https:\/\/siriowire.com\/it\/privacy-policy\/\"]}]},{\"@type\":\"BreadcrumbList\",\"@id\":\"https:\/\/siriowire.com\/it\/privacy-policy\/#breadcrumb\",\"itemListElement\":[{\"@type\":\"ListItem\",\"position\":1,\"name\":\"Home\",\"item\":\"https:\/\/siriowire.com\/it\/\"},{\"@type\":\"ListItem\",\"position\":2,\"name\":\"Privacy policy\"}]},{\"@type\":\"WebSite\",\"@id\":\"https:\/\/siriowire.com\/it\/#website\",\"url\":\"https:\/\/siriowire.com\/it\/\",\"name\":\"Sirio Wire\",\"description\":\"\",\"publisher\":{\"@id\":\"https:\/\/siriowire.com\/it\/#organization\"},\"potentialAction\":[{\"@type\":\"SearchAction\",\"target\":{\"@type\":\"EntryPoint\",\"urlTemplate\":\"https:\/\/siriowire.com\/it\/?s={search_term_string}\"},\"query-input\":{\"@type\":\"PropertyValueSpecification\",\"valueRequired\":true,\"valueName\":\"search_term_string\"}}],\"inLanguage\":\"it-IT\"},{\"@type\":\"Organization\",\"@id\":\"https:\/\/siriowire.com\/it\/#organization\",\"name\":\"Sirio Wire\",\"url\":\"https:\/\/siriowire.com\/it\/\",\"logo\":{\"@type\":\"ImageObject\",\"inLanguage\":\"it-IT\",\"@id\":\"https:\/\/siriowire.com\/it\/#\/schema\/logo\/image\/\",\"url\":\"https:\/\/siriowire.com\/wp-content\/uploads\/2021\/03\/logo_366-1.png\",\"contentUrl\":\"https:\/\/siriowire.com\/wp-content\/uploads\/2021\/03\/logo_366-1.png\",\"width\":436,\"height\":146,\"caption\":\"Sirio Wire\"},\"image\":{\"@id\":\"https:\/\/siriowire.com\/it\/#\/schema\/logo\/image\/\"},\"sameAs\":[\"https:\/\/www.facebook.com\/SirioWireSrl\",\"https:\/\/www.linkedin.com\/company\/sirio-wire-srl\/\"]}]}<\/script>\n<!-- \/ Yoast SEO plugin. -->","yoast_head_json":{"title":"Privacy policy | SIRIO","robots":{"index":"index","follow":"follow","max-snippet":"max-snippet:-1","max-image-preview":"max-image-preview:large","max-video-preview":"max-video-preview:-1"},"canonical":"https:\/\/siriowire.com\/it\/privacy-policy\/","og_locale":"it_IT","og_type":"article","og_title":"Privacy policy | SIRIO","og_description":"LETTERA INORMATIVA SULLA PRIVACY ( D.LGS. N.196 DEL 30 GIUGNO 2003) Gent.Cliente, desideriamo informarla che la legge 31 Dicembre 1996, n. 675 relativa al trattamento dei dati personali \u00e8 stata abrogata. Pertanto i Suoi dati personali custoditi presso la nostra societ\u00e0 saranno trattati in conformit\u00e0 al Decr.Leg. n.196 de l 30 giugno 2003, il nuovo [&hellip;]","og_url":"https:\/\/siriowire.com\/it\/privacy-policy\/","og_site_name":"SIRIO","article_publisher":"https:\/\/www.facebook.com\/SirioWireSrl","article_modified_time":"2023-04-26T13:48:33+00:00","twitter_card":"summary_large_image","twitter_misc":{"Tempo di lettura stimato":"3 minuti"},"schema":{"@context":"https:\/\/schema.org","@graph":[{"@type":"WebPage","@id":"https:\/\/siriowire.com\/it\/privacy-policy\/","url":"https:\/\/siriowire.com\/it\/privacy-policy\/","name":"Privacy policy | SIRIO","isPartOf":{"@id":"https:\/\/siriowire.com\/it\/#website"},"datePublished":"2021-03-08T08:45:09+00:00","dateModified":"2023-04-26T13:48:33+00:00","breadcrumb":{"@id":"https:\/\/siriowire.com\/it\/privacy-policy\/#breadcrumb"},"inLanguage":"it-IT","potentialAction":[{"@type":"ReadAction","target":["https:\/\/siriowire.com\/it\/privacy-policy\/"]}]},{"@type":"BreadcrumbList","@id":"https:\/\/siriowire.com\/it\/privacy-policy\/#breadcrumb","itemListElement":[{"@type":"ListItem","position":1,"name":"Home","item":"https:\/\/siriowire.com\/it\/"},{"@type":"ListItem","position":2,"name":"Privacy policy"}]},{"@type":"WebSite","@id":"https:\/\/siriowire.com\/it\/#website","url":"https:\/\/siriowire.com\/it\/","name":"Sirio Wire","description":"","publisher":{"@id":"https:\/\/siriowire.com\/it\/#organization"},"potentialAction":[{"@type":"SearchAction","target":{"@type":"EntryPoint","urlTemplate":"https:\/\/siriowire.com\/it\/?s={search_term_string}"},"query-input":{"@type":"PropertyValueSpecification","valueRequired":true,"valueName":"search_term_string"}}],"inLanguage":"it-IT"},{"@type":"Organization","@id":"https:\/\/siriowire.com\/it\/#organization","name":"Sirio Wire","url":"https:\/\/siriowire.com\/it\/","logo":{"@type":"ImageObject","inLanguage":"it-IT","@id":"https:\/\/siriowire.com\/it\/#\/schema\/logo\/image\/","url":"https:\/\/siriowire.com\/wp-content\/uploads\/2021\/03\/logo_366-1.png","contentUrl":"https:\/\/siriowire.com\/wp-content\/uploads\/2021\/03\/logo_366-1.png","width":436,"height":146,"caption":"Sirio Wire"},"image":{"@id":"https:\/\/siriowire.com\/it\/#\/schema\/logo\/image\/"},"sameAs":["https:\/\/www.facebook.com\/SirioWireSrl","https:\/\/www.linkedin.com\/company\/sirio-wire-srl\/"]}]}},"_links":{"self":[{"href":"https:\/\/siriowire.com\/it\/wp-json\/wp\/v2\/pages\/1921","targetHints":{"allow":["GET"]}}],"collection":[{"href":"https:\/\/siriowire.com\/it\/wp-json\/wp\/v2\/pages"}],"about":[{"href":"https:\/\/siriowire.com\/it\/wp-json\/wp\/v2\/types\/page"}],"author":[{"embeddable":true,"href":"https:\/\/siriowire.com\/it\/wp-json\/wp\/v2\/users\/1"}],"replies":[{"embeddable":true,"href":"https:\/\/siriowire.com\/it\/wp-json\/wp\/v2\/comments?post=1921"}],"version-history":[{"count":1,"href":"https:\/\/siriowire.com\/it\/wp-json\/wp\/v2\/pages\/1921\/revisions"}],"predecessor-version":[{"id":1922,"href":"https:\/\/siriowire.com\/it\/wp-json\/wp\/v2\/pages\/1921\/revisions\/1922"}],"wp:attachment":[{"href":"https:\/\/siriowire.com\/it\/wp-json\/wp\/v2\/media?parent=1921"}],"wp:term":[{"taxonomy":"category","embeddable":true,"href":"https:\/\/siriowire.com\/it\/wp-json\/wp\/v2\/categories?post=1921"}],"curies":[{"name":"wp","href":"https:\/\/api.w.org\/{rel}","templated":true}]}}